{"id":9264858,"date":"2024-08-26T14:40:30","date_gmt":"2024-08-26T12:40:30","guid":{"rendered":"https:\/\/bobtoolbox.fr\/produit\/inzing-marine\/"},"modified":"2025-11-19T16:04:07","modified_gmt":"2025-11-19T15:04:07","slug":"inzing-marine","status":"publish","type":"product","link":"https:\/\/bobtoolbox.fr\/en\/product\/inzing-marine\/","title":{"rendered":"SLEEVELESS VEST OBERTRAUN - LODENFREY"},"content":{"rendered":"<p><strong>Gilet \u00ab\u00a0Obertraun\u00a0\u00bb Lodenfrey : L&rsquo;\u00c9l\u00e9gance Reconnue du Gentleman Autrichien<\/strong><\/p>\n<p style=\"text-align: left;\">Plongez dans l&rsquo;univers du raffinement avec notre gilet sans manches \u00ab\u00a0Obertraun\u00a0\u00bb, une pi\u00e8ce ma\u00eetresse sign\u00e9e<strong> Lodenfrey<\/strong>. Nous adorons son design distinctif, confectionn\u00e9 dans un<strong> somptueux velours bleu nuit<\/strong>, qui conf\u00e8re une allure \u00e0 la fois \u00e9l\u00e9gante et audacieuse. Parfaitement assorti \u00e0 la veste de velours Obertraun, ce gilet est l&rsquo;incarnation m\u00eame de la tenue autrichienne du gentleman accompli.<\/p>","protected":false},"excerpt":{"rendered":"<p><strong>Gilet \u00ab\u00a0Obertraun\u00a0\u00bb Lodenfrey : L&rsquo;\u00c9l\u00e9gance Reconnue du Gentleman Autrichien<\/strong><\/p>\n<p style=\"text-align: left;\">Plongez dans l&rsquo;univers du raffinement avec notre gilet sans manches \u00ab\u00a0Obertraun\u00a0\u00bb, une pi\u00e8ce ma\u00eetresse sign\u00e9e<strong> Lodenfrey<\/strong>. Nous adorons son design distinctif, confectionn\u00e9 dans un<strong> somptueux velours bleu nuit<\/strong>, qui conf\u00e8re une allure \u00e0 la fois \u00e9l\u00e9gante et audacieuse. Parfaitement assorti \u00e0 la veste de velours Obertraun, ce gilet est l&rsquo;incarnation m\u00eame de la tenue autrichienne du gentleman accompli.<\/p>","protected":false},"featured_media":9264859,"comment_status":"open","ping_status":"open","template":"","meta":{"_acf_changed":false,"_seopress_robots_primary_cat":"","_seopress_titles_title":"","_seopress_titles_desc":"","_seopress_robots_index":"","_gspb_post_css":"","_glsr_average":0,"_glsr_ranking":0,"_glsr_reviews":0},"product_brand":[],"product_cat":[253],"product_tag":[],"class_list":{"0":"post-9264858","1":"product","2":"type-product","3":"status-publish","4":"has-post-thumbnail","6":"product_cat-le-gilet-sans-manches","7":"pa_les-couleurs-bordeaux","8":"pa_les-couleurs-marron","9":"pa_marque-lodenfrey","10":"pa_votre-taille-fr-29","11":"pa_votre-taille-fr-30","12":"pa_votre-taille-fr-31","13":"pa_votre-taille-fr-24","14":"pa_votre-taille-fr-25","15":"pa_votre-taille-fr-26","16":"pa_votre-taille-fr-27","17":"pa_votre-taille-fr-28","18":"pa_votre-taille-fr-32","19":"pa_votre-taille-fr-33","21":"first","22":"instock","23":"taxable","24":"shipping-taxable","25":"purchasable","26":"product-type-variable"},"acf":[],"_links":{"self":[{"href":"https:\/\/bobtoolbox.fr\/en\/wp-json\/wp\/v2\/product\/9264858","targetHints":{"allow":["GET"]}}],"collection":[{"href":"https:\/\/bobtoolbox.fr\/en\/wp-json\/wp\/v2\/product"}],"about":[{"href":"https:\/\/bobtoolbox.fr\/en\/wp-json\/wp\/v2\/types\/product"}],"replies":[{"embeddable":true,"href":"https:\/\/bobtoolbox.fr\/en\/wp-json\/wp\/v2\/comments?post=9264858"}],"wp:featuredmedia":[{"embeddable":true,"href":"https:\/\/bobtoolbox.fr\/en\/wp-json\/wp\/v2\/media\/9264859"}],"wp:attachment":[{"href":"https:\/\/bobtoolbox.fr\/en\/wp-json\/wp\/v2\/media?parent=9264858"}],"wp:term":[{"taxonomy":"product_brand","embeddable":true,"href":"https:\/\/bobtoolbox.fr\/en\/wp-json\/wp\/v2\/product_brand?post=9264858"},{"taxonomy":"product_cat","embeddable":true,"href":"https:\/\/bobtoolbox.fr\/en\/wp-json\/wp\/v2\/product_cat?post=9264858"},{"taxonomy":"product_tag","embeddable":true,"href":"https:\/\/bobtoolbox.fr\/en\/wp-json\/wp\/v2\/product_tag?post=9264858"}],"curies":[{"name":"wp","href":"https:\/\/api.w.org\/{rel}","templated":true}]}}