{"id":9264880,"date":"2019-11-15T14:40:45","date_gmt":"2019-11-15T13:40:45","guid":{"rendered":"https:\/\/bobtoolbox.fr\/produit\/gaflenz\/"},"modified":"2025-11-19T15:58:50","modified_gmt":"2025-11-19T14:58:50","slug":"gaflenz","status":"publish","type":"product","link":"https:\/\/bobtoolbox.fr\/en\/product\/gaflenz\/","title":{"rendered":"VESTE GAFLENZ &#8211; STEINBOCK"},"content":{"rendered":"<p>Beaucoup d&rsquo;allure pour cette veste autrichienne bordeaux aussi sympa que chic, toute en jolis d\u00e9tails et cousue de mati\u00e8res raffin\u00e9es. Une belle veste de couleur qui ne pourra pas vous laisser indiff\u00e9rent !<\/p>","protected":false},"excerpt":{"rendered":"<p>Beaucoup d&rsquo;allure pour cette veste autrichienne bordeaux aussi sympa que chic, toute en jolis d\u00e9tails et cousue de mati\u00e8res raffin\u00e9es. Une belle veste de couleur qui ne pourra pas vous laisser indiff\u00e9rent !<\/p>","protected":false},"featured_media":9264881,"comment_status":"open","ping_status":"open","template":"","meta":{"_acf_changed":false,"_seopress_robots_primary_cat":"","_seopress_titles_title":"","_seopress_titles_desc":"","_seopress_robots_index":"","_gspb_post_css":"","_glsr_average":0,"_glsr_ranking":0,"_glsr_reviews":0},"product_brand":[],"product_cat":[249],"product_tag":[],"class_list":{"0":"post-9264880","1":"product","2":"type-product","3":"status-publish","4":"has-post-thumbnail","6":"product_cat-promo","7":"pa_les-couleurs-bordeaux","8":"pa_votre-taille-fr-33","10":"first","11":"instock","12":"sale","13":"taxable","14":"shipping-taxable","15":"purchasable","16":"product-type-variable"},"acf":[],"_links":{"self":[{"href":"https:\/\/bobtoolbox.fr\/en\/wp-json\/wp\/v2\/product\/9264880","targetHints":{"allow":["GET"]}}],"collection":[{"href":"https:\/\/bobtoolbox.fr\/en\/wp-json\/wp\/v2\/product"}],"about":[{"href":"https:\/\/bobtoolbox.fr\/en\/wp-json\/wp\/v2\/types\/product"}],"replies":[{"embeddable":true,"href":"https:\/\/bobtoolbox.fr\/en\/wp-json\/wp\/v2\/comments?post=9264880"}],"wp:featuredmedia":[{"embeddable":true,"href":"https:\/\/bobtoolbox.fr\/en\/wp-json\/wp\/v2\/media\/9264881"}],"wp:attachment":[{"href":"https:\/\/bobtoolbox.fr\/en\/wp-json\/wp\/v2\/media?parent=9264880"}],"wp:term":[{"taxonomy":"product_brand","embeddable":true,"href":"https:\/\/bobtoolbox.fr\/en\/wp-json\/wp\/v2\/product_brand?post=9264880"},{"taxonomy":"product_cat","embeddable":true,"href":"https:\/\/bobtoolbox.fr\/en\/wp-json\/wp\/v2\/product_cat?post=9264880"},{"taxonomy":"product_tag","embeddable":true,"href":"https:\/\/bobtoolbox.fr\/en\/wp-json\/wp\/v2\/product_tag?post=9264880"}],"curies":[{"name":"wp","href":"https:\/\/api.w.org\/{rel}","templated":true}]}}