{"id":9264951,"date":"2020-09-21T18:13:24","date_gmt":"2020-09-21T16:13:24","guid":{"rendered":"https:\/\/bobtoolbox.fr\/produit\/liezen-iii\/"},"modified":"2025-11-19T15:58:56","modified_gmt":"2025-11-19T14:58:56","slug":"liezen-iii","status":"publish","type":"product","link":"https:\/\/bobtoolbox.fr\/en\/product\/liezen-iii\/","title":{"rendered":"VESTE LIEZEN GRISE &#8211; STEINBOCK"},"content":{"rendered":"<p>Tomb\u00e9 parfait, finition top et prestance assur\u00e9e pour cette veste autrichienne LIEZEN aux couleurs classiques, ultra masculine, avec ses nombreux liser\u00e9s et d\u00e9tails de velours verts.<\/p>\n<p>Une superbe veste Steinbock, \u00e0 porter en veste de chasse, veste de week-end &#8230; sans mod\u00e9ration !<\/p>","protected":false},"excerpt":{"rendered":"<p>Tomb\u00e9 parfait, finition top et prestance assur\u00e9e pour cette veste autrichienne LIEZEN aux couleurs classiques, ultra masculine, avec ses nombreux liser\u00e9s et d\u00e9tails de velours verts.<\/p>\n<p>Une superbe veste Steinbock, \u00e0 porter en veste de chasse, veste de week-end &#8230; sans mod\u00e9ration !<\/p>","protected":false},"featured_media":9264952,"comment_status":"open","ping_status":"open","template":"","meta":{"_acf_changed":false,"_seopress_robots_primary_cat":"","_seopress_titles_title":"","_seopress_titles_desc":"","_seopress_robots_index":"","_gspb_post_css":"","_glsr_average":0,"_glsr_ranking":0,"_glsr_reviews":0},"product_brand":[],"product_cat":[249],"product_tag":[],"class_list":{"0":"post-9264951","1":"product","2":"type-product","3":"status-publish","4":"has-post-thumbnail","6":"product_cat-promo","7":"pa_les-couleurs-gris","8":"pa_votre-taille-fr-31","9":"pa_votre-taille-fr-26","10":"pa_votre-taille-fr-32","12":"first","13":"instock","14":"sale","15":"taxable","16":"shipping-taxable","17":"purchasable","18":"product-type-variable"},"acf":[],"_links":{"self":[{"href":"https:\/\/bobtoolbox.fr\/en\/wp-json\/wp\/v2\/product\/9264951","targetHints":{"allow":["GET"]}}],"collection":[{"href":"https:\/\/bobtoolbox.fr\/en\/wp-json\/wp\/v2\/product"}],"about":[{"href":"https:\/\/bobtoolbox.fr\/en\/wp-json\/wp\/v2\/types\/product"}],"replies":[{"embeddable":true,"href":"https:\/\/bobtoolbox.fr\/en\/wp-json\/wp\/v2\/comments?post=9264951"}],"wp:featuredmedia":[{"embeddable":true,"href":"https:\/\/bobtoolbox.fr\/en\/wp-json\/wp\/v2\/media\/9264952"}],"wp:attachment":[{"href":"https:\/\/bobtoolbox.fr\/en\/wp-json\/wp\/v2\/media?parent=9264951"}],"wp:term":[{"taxonomy":"product_brand","embeddable":true,"href":"https:\/\/bobtoolbox.fr\/en\/wp-json\/wp\/v2\/product_brand?post=9264951"},{"taxonomy":"product_cat","embeddable":true,"href":"https:\/\/bobtoolbox.fr\/en\/wp-json\/wp\/v2\/product_cat?post=9264951"},{"taxonomy":"product_tag","embeddable":true,"href":"https:\/\/bobtoolbox.fr\/en\/wp-json\/wp\/v2\/product_tag?post=9264951"}],"curies":[{"name":"wp","href":"https:\/\/api.w.org\/{rel}","templated":true}]}}