{"id":9264966,"date":"2024-09-17T09:00:25","date_gmt":"2024-09-17T07:00:25","guid":{"rendered":"https:\/\/bobtoolbox.fr\/produit\/wetterfleck-gris\/"},"modified":"2025-12-08T16:01:09","modified_gmt":"2025-12-08T15:01:09","slug":"wetterfleck-gris","status":"publish","type":"product","link":"https:\/\/bobtoolbox.fr\/en\/product\/wetterfleck-gris\/","title":{"rendered":"PULL AUTRICHIEN OVERSIZE &#8211; MIRABELL"},"content":{"rendered":"<p>Le pull est aujourd&rsquo;hui une pi\u00e8ce ma\u00eetresse et nous sommes fiers de vous pr\u00e9senter le \u00ab\u00a0Mirabell Oversize\u00a0\u00bb, s\u00e9lectionn\u00e9 aupr\u00e8s de la fameuse Maison salzbourgeoise <strong>Mirabell<\/strong> pour son \u00e9l\u00e9gance moderne et sa qualit\u00e9 irr\u00e9prochable. Con\u00e7u pour vous accompagner partout, il gardera son allure impeccable saison apr\u00e8s saison.<\/p>\n<p style=\"text-align: left;\">Ce maille oversize super confortable et ultra-pratique, est votre alli\u00e9 id\u00e9al pour l&rsquo;automne comme pour l&rsquo;hiver. Portez-le par-dessus&#8230; tout ce qui n\u00e9cessite un suppl\u00e9ment de chaleur ! Sa coupe g\u00e9n\u00e9reuse vous assure une aisance parfaite en toute occasion.<\/p>","protected":false},"excerpt":{"rendered":"<p>Le pull est aujourd&rsquo;hui une pi\u00e8ce ma\u00eetresse et nous sommes fiers de vous pr\u00e9senter le \u00ab\u00a0Mirabell Oversize\u00a0\u00bb, s\u00e9lectionn\u00e9 aupr\u00e8s de la fameuse Maison salzbourgeoise <strong>Mirabell<\/strong> pour son \u00e9l\u00e9gance moderne et sa qualit\u00e9 irr\u00e9prochable. Con\u00e7u pour vous accompagner partout, il gardera son allure impeccable saison apr\u00e8s saison.<\/p>\n<p style=\"text-align: left;\">Ce maille oversize super confortable et ultra-pratique, est votre alli\u00e9 id\u00e9al pour l&rsquo;automne comme pour l&rsquo;hiver. Portez-le par-dessus&#8230; tout ce qui n\u00e9cessite un suppl\u00e9ment de chaleur ! Sa coupe g\u00e9n\u00e9reuse vous assure une aisance parfaite en toute occasion.<\/p>","protected":false},"featured_media":1659,"comment_status":"open","ping_status":"closed","template":"","meta":{"_acf_changed":false,"_seopress_robots_primary_cat":"none","_seopress_titles_title":"","_seopress_titles_desc":"","_seopress_robots_index":"","_gspb_post_css":"","_glsr_average":0,"_glsr_ranking":0,"_glsr_reviews":0},"product_brand":[],"product_cat":[255,256],"product_tag":[],"class_list":{"0":"post-9264966","1":"product","2":"type-product","3":"status-publish","4":"has-post-thumbnail","6":"product_cat-la-maille-femme","7":"product_cat-outdoor-femme","8":"pa_les-couleurs-beige","9":"pa_les-couleurs-marron","10":"pa_les-couleurs-orange","11":"pa_les-couleurs-rouge","12":"pa_marque-mirabell","13":"pa_votre-taille-fr-tu","15":"first","16":"instock","17":"taxable","18":"shipping-taxable","19":"purchasable","20":"product-type-variable"},"acf":[],"_links":{"self":[{"href":"https:\/\/bobtoolbox.fr\/en\/wp-json\/wp\/v2\/product\/9264966","targetHints":{"allow":["GET"]}}],"collection":[{"href":"https:\/\/bobtoolbox.fr\/en\/wp-json\/wp\/v2\/product"}],"about":[{"href":"https:\/\/bobtoolbox.fr\/en\/wp-json\/wp\/v2\/types\/product"}],"replies":[{"embeddable":true,"href":"https:\/\/bobtoolbox.fr\/en\/wp-json\/wp\/v2\/comments?post=9264966"}],"wp:featuredmedia":[{"embeddable":true,"href":"https:\/\/bobtoolbox.fr\/en\/wp-json\/wp\/v2\/media\/1659"}],"wp:attachment":[{"href":"https:\/\/bobtoolbox.fr\/en\/wp-json\/wp\/v2\/media?parent=9264966"}],"wp:term":[{"taxonomy":"product_brand","embeddable":true,"href":"https:\/\/bobtoolbox.fr\/en\/wp-json\/wp\/v2\/product_brand?post=9264966"},{"taxonomy":"product_cat","embeddable":true,"href":"https:\/\/bobtoolbox.fr\/en\/wp-json\/wp\/v2\/product_cat?post=9264966"},{"taxonomy":"product_tag","embeddable":true,"href":"https:\/\/bobtoolbox.fr\/en\/wp-json\/wp\/v2\/product_tag?post=9264966"}],"curies":[{"name":"wp","href":"https:\/\/api.w.org\/{rel}","templated":true}]}}