{"id":9265196,"date":"2020-09-24T08:27:19","date_gmt":"2020-09-24T06:27:19","guid":{"rendered":"https:\/\/bobtoolbox.fr\/produit\/veste-liezen-tabac-mi-saison-steinbock\/"},"modified":"2025-12-12T13:44:33","modified_gmt":"2025-12-12T12:44:33","slug":"veste-liezen-tabac-mi-saison-steinbock","status":"publish","type":"product","link":"https:\/\/bobtoolbox.fr\/en\/product\/veste-liezen-tabac-mi-saison-steinbock\/","title":{"rendered":"VESTE LIEZEN TABAC &#8211; STEINBOCK &#8211; Taille 60, 62"},"content":{"rendered":"<p>Tomb\u00e9 parfait, finition top et prestance assur\u00e9e pour cette veste LIEZEN aux couleurs de mi-saison. Une veste autrichienne homme de chez Steinbock, ultra masculine, aux nombreux d\u00e9tails soign\u00e9s et d&rsquo;excellente manufacture. Id\u00e9ale \u00e0 porter \u00e0 la mi-saison.<\/p>","protected":false},"excerpt":{"rendered":"<p>Tomb\u00e9 parfait, finition top et prestance assur\u00e9e pour cette veste LIEZEN aux couleurs de mi-saison. Une veste autrichienne homme de chez Steinbock, ultra masculine, aux nombreux d\u00e9tails soign\u00e9s et d&rsquo;excellente manufacture. Id\u00e9ale \u00e0 porter \u00e0 la mi-saison.<\/p>","protected":false},"featured_media":9265197,"comment_status":"open","ping_status":"closed","template":"","meta":{"_acf_changed":false,"_seopress_robots_primary_cat":"none","_seopress_titles_title":"","_seopress_titles_desc":"","_seopress_robots_index":"","_gspb_post_css":"","_glsr_average":0,"_glsr_ranking":0,"_glsr_reviews":0},"product_brand":[],"product_cat":[252,249],"product_tag":[128],"class_list":{"0":"post-9265196","1":"product","2":"type-product","3":"status-publish","4":"has-post-thumbnail","6":"product_cat-la-veste-homme","7":"product_cat-promo","8":"product_tag-nouveaute","9":"pa_les-couleurs-marron","10":"pa_votre-taille-fr-26","11":"pa_votre-taille-fr-56-2","12":"pa_votre-taille-fr-58-2","13":"pa_votre-taille-fr-60-2","14":"pa_votre-taille-fr-32","16":"first","17":"instock","18":"taxable","19":"shipping-taxable","20":"purchasable","21":"product-type-variable"},"acf":[],"_links":{"self":[{"href":"https:\/\/bobtoolbox.fr\/en\/wp-json\/wp\/v2\/product\/9265196","targetHints":{"allow":["GET"]}}],"collection":[{"href":"https:\/\/bobtoolbox.fr\/en\/wp-json\/wp\/v2\/product"}],"about":[{"href":"https:\/\/bobtoolbox.fr\/en\/wp-json\/wp\/v2\/types\/product"}],"replies":[{"embeddable":true,"href":"https:\/\/bobtoolbox.fr\/en\/wp-json\/wp\/v2\/comments?post=9265196"}],"wp:featuredmedia":[{"embeddable":true,"href":"https:\/\/bobtoolbox.fr\/en\/wp-json\/wp\/v2\/media\/9265197"}],"wp:attachment":[{"href":"https:\/\/bobtoolbox.fr\/en\/wp-json\/wp\/v2\/media?parent=9265196"}],"wp:term":[{"taxonomy":"product_brand","embeddable":true,"href":"https:\/\/bobtoolbox.fr\/en\/wp-json\/wp\/v2\/product_brand?post=9265196"},{"taxonomy":"product_cat","embeddable":true,"href":"https:\/\/bobtoolbox.fr\/en\/wp-json\/wp\/v2\/product_cat?post=9265196"},{"taxonomy":"product_tag","embeddable":true,"href":"https:\/\/bobtoolbox.fr\/en\/wp-json\/wp\/v2\/product_tag?post=9265196"}],"curies":[{"name":"wp","href":"https:\/\/api.w.org\/{rel}","templated":true}]}}