{"id":9265264,"date":"2020-09-23T14:13:03","date_gmt":"2020-09-23T12:13:03","guid":{"rendered":"https:\/\/bobtoolbox.fr\/produit\/chaussette-enfant-marron-mouchete-pompons\/"},"modified":"2025-11-19T16:00:13","modified_gmt":"2025-11-19T15:00:13","slug":"chaussette-enfant-marron-mouchete-pompons","status":"publish","type":"product","link":"https:\/\/bobtoolbox.fr\/en\/product\/chaussette-enfant-marron-mouchete-pompons\/","title":{"rendered":"CHAUSSETTE ENFANT MARRON MOUCHET\u00c9, POMPONS"},"content":{"rendered":"<p>La chaussette autrichienne enfant beige-marron mouchet\u00e9 est originale et \u00e9l\u00e9gante, sans oublier les pompons \u00e9crus et les edelweiss brod\u00e9s \u00e0 la main.<\/p>","protected":false},"excerpt":{"rendered":"<p>La chaussette autrichienne enfant beige-marron mouchet\u00e9 est originale et \u00e9l\u00e9gante, sans oublier les pompons \u00e9crus et les edelweiss brod\u00e9s \u00e0 la main.<\/p>","protected":false},"featured_media":9265265,"comment_status":"open","ping_status":"open","template":"","meta":{"_acf_changed":false,"_seopress_robots_primary_cat":"","_seopress_titles_title":"","_seopress_titles_desc":"","_seopress_robots_index":"","_gspb_post_css":"","_glsr_average":0,"_glsr_ranking":0,"_glsr_reviews":0},"product_brand":[],"product_cat":[250],"product_tag":[],"class_list":{"0":"post-9265264","1":"product","2":"type-product","3":"status-publish","4":"has-post-thumbnail","6":"product_cat-la-chaussette-autrichienne","7":"pa_les-couleurs-beige","8":"pa_votre-taille-fr-38-40","9":"pa_votre-taille-fr-41-42","10":"pa_votre-taille-fr-40-41","12":"first","13":"instock","14":"taxable","15":"shipping-taxable","16":"purchasable","17":"product-type-variable"},"acf":[],"_links":{"self":[{"href":"https:\/\/bobtoolbox.fr\/en\/wp-json\/wp\/v2\/product\/9265264","targetHints":{"allow":["GET"]}}],"collection":[{"href":"https:\/\/bobtoolbox.fr\/en\/wp-json\/wp\/v2\/product"}],"about":[{"href":"https:\/\/bobtoolbox.fr\/en\/wp-json\/wp\/v2\/types\/product"}],"replies":[{"embeddable":true,"href":"https:\/\/bobtoolbox.fr\/en\/wp-json\/wp\/v2\/comments?post=9265264"}],"wp:featuredmedia":[{"embeddable":true,"href":"https:\/\/bobtoolbox.fr\/en\/wp-json\/wp\/v2\/media\/9265265"}],"wp:attachment":[{"href":"https:\/\/bobtoolbox.fr\/en\/wp-json\/wp\/v2\/media?parent=9265264"}],"wp:term":[{"taxonomy":"product_brand","embeddable":true,"href":"https:\/\/bobtoolbox.fr\/en\/wp-json\/wp\/v2\/product_brand?post=9265264"},{"taxonomy":"product_cat","embeddable":true,"href":"https:\/\/bobtoolbox.fr\/en\/wp-json\/wp\/v2\/product_cat?post=9265264"},{"taxonomy":"product_tag","embeddable":true,"href":"https:\/\/bobtoolbox.fr\/en\/wp-json\/wp\/v2\/product_tag?post=9265264"}],"curies":[{"name":"wp","href":"https:\/\/api.w.org\/{rel}","templated":true}]}}