{"id":9265421,"date":"2020-09-23T13:03:15","date_gmt":"2020-09-23T11:03:15","guid":{"rendered":"https:\/\/bobtoolbox.fr\/produit\/la-culotte-de-peau-rot\/"},"modified":"2025-11-19T16:00:49","modified_gmt":"2025-11-19T15:00:49","slug":"la-culotte-de-peau-rot","status":"publish","type":"product","link":"https:\/\/bobtoolbox.fr\/en\/product\/la-culotte-de-peau-rot\/","title":{"rendered":"LA CULOTTE DE PEAU FILLE ROUGE"},"content":{"rendered":"<p>Les filles ne seront plus l\u00e9s\u00e9es avec cette version de la culotte de peau, 100% f\u00e9minine et craquante !<\/p>","protected":false},"excerpt":{"rendered":"<p>Les filles ne seront plus l\u00e9s\u00e9es avec cette version de la culotte de peau, 100% f\u00e9minine et craquante !<\/p>","protected":false},"featured_media":9265422,"comment_status":"open","ping_status":"open","template":"","meta":{"_acf_changed":false,"_seopress_robots_primary_cat":"","_seopress_titles_title":"","_seopress_titles_desc":"","_seopress_robots_index":"","_gspb_post_css":"","_glsr_average":0,"_glsr_ranking":0,"_glsr_reviews":0},"product_brand":[],"product_cat":[264,249],"product_tag":[],"class_list":{"0":"post-9265421","1":"product","2":"type-product","3":"status-publish","4":"has-post-thumbnail","6":"product_cat-culotte-de-peau-enfant-ado-unisexe","7":"product_cat-promo","8":"pa_les-couleurs-rouge","9":"pa_votre-taille-fr-43","10":"pa_votre-taille-fr-34","11":"pa_votre-taille-fr-35","12":"pa_votre-taille-fr-36","13":"pa_votre-taille-fr-37","14":"pa_votre-taille-fr-38","15":"pa_votre-taille-fr-39","16":"pa_votre-taille-fr-40","18":"first","19":"instock","20":"sale","21":"taxable","22":"shipping-taxable","23":"purchasable","24":"product-type-variable"},"acf":[],"_links":{"self":[{"href":"https:\/\/bobtoolbox.fr\/en\/wp-json\/wp\/v2\/product\/9265421","targetHints":{"allow":["GET"]}}],"collection":[{"href":"https:\/\/bobtoolbox.fr\/en\/wp-json\/wp\/v2\/product"}],"about":[{"href":"https:\/\/bobtoolbox.fr\/en\/wp-json\/wp\/v2\/types\/product"}],"replies":[{"embeddable":true,"href":"https:\/\/bobtoolbox.fr\/en\/wp-json\/wp\/v2\/comments?post=9265421"}],"wp:featuredmedia":[{"embeddable":true,"href":"https:\/\/bobtoolbox.fr\/en\/wp-json\/wp\/v2\/media\/9265422"}],"wp:attachment":[{"href":"https:\/\/bobtoolbox.fr\/en\/wp-json\/wp\/v2\/media?parent=9265421"}],"wp:term":[{"taxonomy":"product_brand","embeddable":true,"href":"https:\/\/bobtoolbox.fr\/en\/wp-json\/wp\/v2\/product_brand?post=9265421"},{"taxonomy":"product_cat","embeddable":true,"href":"https:\/\/bobtoolbox.fr\/en\/wp-json\/wp\/v2\/product_cat?post=9265421"},{"taxonomy":"product_tag","embeddable":true,"href":"https:\/\/bobtoolbox.fr\/en\/wp-json\/wp\/v2\/product_tag?post=9265421"}],"curies":[{"name":"wp","href":"https:\/\/api.w.org\/{rel}","templated":true}]}}