{"id":9265741,"date":"2024-09-10T07:00:53","date_gmt":"2024-09-10T05:00:53","guid":{"rendered":"https:\/\/bobtoolbox.fr\/produit\/veste-en-laine-foulee-vellau-steinbock\/"},"modified":"2025-12-12T12:46:30","modified_gmt":"2025-12-12T11:46:30","slug":"veste-en-laine-foulee-vellau-steinbock","status":"publish","type":"product","link":"https:\/\/bobtoolbox.fr\/en\/product\/veste-en-laine-foulee-vellau-steinbock\/","title":{"rendered":"AUSTRIAN VELLAU JACKET - STEINBOCK"},"content":{"rendered":"","protected":false},"excerpt":{"rendered":"<p><strong>La Veste Vellau : Le Grand Chic Confortable<\/strong><\/p>\n<p>Succombez au charme intemporel de la veste Vellau de chez Steinbock. Une pi\u00e8ce d&rsquo;exception o\u00f9 <strong>la laine foul\u00e9e autrichienne<\/strong> rencontre l&rsquo;\u00e9l\u00e9gance des <strong>d\u00e9tails en peau v\u00e9ritable<\/strong>, pour un style r\u00e9solument sophistiqu\u00e9 et un confort incomparable.<\/p>\n<p>Con\u00e7ue avec un <strong>savoir-faire autrichien m\u00e9ticuleux<\/strong>, la veste Vellau incarne <strong>l&rsquo;excellence<\/strong>. Chaque mati\u00e8re, chaque d\u00e9tail a \u00e9t\u00e9 choisi pour vous offrir une veste \u00e0 la fois chaude, l\u00e9g\u00e8re et incroyablement souple.<\/p>","protected":false},"featured_media":9265742,"comment_status":"open","ping_status":"closed","template":"","meta":{"_acf_changed":false,"_seopress_robots_primary_cat":"none","_seopress_titles_title":"","_seopress_titles_desc":"","_seopress_robots_index":"","_gspb_post_css":"","_glsr_average":5,"_glsr_ranking":3.75,"_glsr_reviews":2},"product_brand":[],"product_cat":[277,252],"product_tag":[],"class_list":{"0":"post-9265741","1":"product","2":"type-product","3":"status-publish","4":"has-post-thumbnail","6":"product_cat-homme","7":"product_cat-la-veste-homme","8":"pa_les-couleurs-bleu","9":"pa_les-couleurs-gris-anthracite","10":"pa_les-couleurs-vert","11":"pa_votre-taille-fr-25","12":"pa_votre-taille-fr-26","13":"pa_votre-taille-fr-27","14":"pa_votre-taille-fr-28","15":"pa_votre-taille-fr-56-2","16":"pa_votre-taille-fr-58-2","17":"pa_votre-taille-fr-60-2","19":"first","20":"instock","21":"taxable","22":"shipping-taxable","23":"purchasable","24":"product-type-variable"},"acf":[],"_links":{"self":[{"href":"https:\/\/bobtoolbox.fr\/en\/wp-json\/wp\/v2\/product\/9265741","targetHints":{"allow":["GET"]}}],"collection":[{"href":"https:\/\/bobtoolbox.fr\/en\/wp-json\/wp\/v2\/product"}],"about":[{"href":"https:\/\/bobtoolbox.fr\/en\/wp-json\/wp\/v2\/types\/product"}],"replies":[{"embeddable":true,"href":"https:\/\/bobtoolbox.fr\/en\/wp-json\/wp\/v2\/comments?post=9265741"}],"wp:featuredmedia":[{"embeddable":true,"href":"https:\/\/bobtoolbox.fr\/en\/wp-json\/wp\/v2\/media\/9265742"}],"wp:attachment":[{"href":"https:\/\/bobtoolbox.fr\/en\/wp-json\/wp\/v2\/media?parent=9265741"}],"wp:term":[{"taxonomy":"product_brand","embeddable":true,"href":"https:\/\/bobtoolbox.fr\/en\/wp-json\/wp\/v2\/product_brand?post=9265741"},{"taxonomy":"product_cat","embeddable":true,"href":"https:\/\/bobtoolbox.fr\/en\/wp-json\/wp\/v2\/product_cat?post=9265741"},{"taxonomy":"product_tag","embeddable":true,"href":"https:\/\/bobtoolbox.fr\/en\/wp-json\/wp\/v2\/product_tag?post=9265741"}],"curies":[{"name":"wp","href":"https:\/\/api.w.org\/{rel}","templated":true}]}}