{"id":9266172,"date":"2024-03-11T06:51:35","date_gmt":"2024-03-11T05:51:35","guid":{"rendered":"https:\/\/bobtoolbox.fr\/produit\/le-dirndl-almsee-hammerschmid\/"},"modified":"2025-12-11T16:19:53","modified_gmt":"2025-12-11T15:19:53","slug":"le-dirndl-almsee-hammerschmid","status":"publish","type":"product","link":"https:\/\/bobtoolbox.fr\/en\/product\/le-dirndl-almsee-hammerschmid\/","title":{"rendered":"LE DIRNDL ALMSEE &#8211; HAMMERSCHMID"},"content":{"rendered":"","protected":false},"excerpt":{"rendered":"<p>Ce ravissant dirndl printanier, fabriqu\u00e9 en Autriche et remarquablement fini, ira \u00e0 ravir \u00e0 nos filles.<\/p>\n<p>Il deviendra tout de suite SA robe de toutes les occasions \u00e0 la belle saison.<\/p>","protected":false},"featured_media":9266173,"comment_status":"open","ping_status":"closed","template":"","meta":{"_acf_changed":false,"_seopress_robots_primary_cat":"none","_seopress_titles_title":"","_seopress_titles_desc":"","_seopress_robots_index":"","_gspb_post_css":"","_glsr_average":0,"_glsr_ranking":0,"_glsr_reviews":0},"product_brand":[],"product_cat":[15,275,274],"product_tag":[],"class_list":{"0":"post-9266172","1":"product","2":"type-product","3":"status-publish","4":"has-post-thumbnail","6":"product_cat-non-classe","7":"product_cat-enfant","8":"product_cat-le-dirndl-la-robe","9":"pa_les-couleurs-rose","10":"pa_les-couleurs-turquoise","11":"pa_votre-taille-fr-43","12":"pa_votre-taille-fr-34","13":"pa_votre-taille-fr-35","14":"pa_votre-taille-fr-36","15":"pa_votre-taille-fr-37","17":"first","18":"instock","19":"taxable","20":"shipping-taxable","21":"purchasable","22":"product-type-variable"},"acf":[],"_links":{"self":[{"href":"https:\/\/bobtoolbox.fr\/en\/wp-json\/wp\/v2\/product\/9266172","targetHints":{"allow":["GET"]}}],"collection":[{"href":"https:\/\/bobtoolbox.fr\/en\/wp-json\/wp\/v2\/product"}],"about":[{"href":"https:\/\/bobtoolbox.fr\/en\/wp-json\/wp\/v2\/types\/product"}],"replies":[{"embeddable":true,"href":"https:\/\/bobtoolbox.fr\/en\/wp-json\/wp\/v2\/comments?post=9266172"}],"wp:featuredmedia":[{"embeddable":true,"href":"https:\/\/bobtoolbox.fr\/en\/wp-json\/wp\/v2\/media\/9266173"}],"wp:attachment":[{"href":"https:\/\/bobtoolbox.fr\/en\/wp-json\/wp\/v2\/media?parent=9266172"}],"wp:term":[{"taxonomy":"product_brand","embeddable":true,"href":"https:\/\/bobtoolbox.fr\/en\/wp-json\/wp\/v2\/product_brand?post=9266172"},{"taxonomy":"product_cat","embeddable":true,"href":"https:\/\/bobtoolbox.fr\/en\/wp-json\/wp\/v2\/product_cat?post=9266172"},{"taxonomy":"product_tag","embeddable":true,"href":"https:\/\/bobtoolbox.fr\/en\/wp-json\/wp\/v2\/product_tag?post=9266172"}],"curies":[{"name":"wp","href":"https:\/\/api.w.org\/{rel}","templated":true}]}}