{"id":9266263,"date":"2025-09-04T07:06:00","date_gmt":"2025-09-04T05:06:00","guid":{"rendered":"https:\/\/bobtoolbox.fr\/produit\/cape-femme-loden-bicolor-lodenfrey\/"},"modified":"2025-12-11T15:39:53","modified_gmt":"2025-12-11T14:39:53","slug":"cape-femme-loden-bicolor-lodenfrey","status":"publish","type":"product","link":"https:\/\/bobtoolbox.fr\/en\/product\/cape-femme-loden-bicolor-lodenfrey\/","title":{"rendered":"CAPE FEMME LODEN BICOLOR- LODENFREY"},"content":{"rendered":"","protected":false},"excerpt":{"rendered":"<p><strong>La Cape \u00c9l\u00e9gance Royale en Laine Vierge Double-Face<\/strong><\/p>\n<p>Plongez dans le raffinement avec notre Cape en Loden Double-Face, une pi\u00e8ce d&rsquo;exception issue de la prestigieuse collection du Prince L\u00e9opold de Bavi\u00e8re par Lodenfrey pour Edelweiss. Con\u00e7ue pour la femme moderne, elle incarne la rencontre parfaite entre <strong>\u00e9l\u00e9gance citadine et distinction naturelle<\/strong>, vous accompagnant avec prestance en toute occasion.<\/p>","protected":false},"featured_media":9266264,"comment_status":"open","ping_status":"closed","template":"","meta":{"_acf_changed":false,"_seopress_robots_primary_cat":"none","_seopress_titles_title":"","_seopress_titles_desc":"","_seopress_robots_index":"","_gspb_post_css":"","_glsr_average":0,"_glsr_ranking":0,"_glsr_reviews":0},"product_brand":[],"product_cat":[276,256],"product_tag":[],"class_list":{"0":"post-9266263","1":"product","2":"type-product","3":"status-publish","4":"has-post-thumbnail","6":"product_cat-femme","7":"product_cat-outdoor-femme","8":"pa_les-couleurs-beige","9":"pa_les-couleurs-gris","10":"pa_les-couleurs-vert-loden","11":"pa_votre-taille-fr-tu","13":"first","14":"instock","15":"taxable","16":"shipping-taxable","17":"purchasable","18":"product-type-variable"},"acf":[],"_links":{"self":[{"href":"https:\/\/bobtoolbox.fr\/en\/wp-json\/wp\/v2\/product\/9266263","targetHints":{"allow":["GET"]}}],"collection":[{"href":"https:\/\/bobtoolbox.fr\/en\/wp-json\/wp\/v2\/product"}],"about":[{"href":"https:\/\/bobtoolbox.fr\/en\/wp-json\/wp\/v2\/types\/product"}],"replies":[{"embeddable":true,"href":"https:\/\/bobtoolbox.fr\/en\/wp-json\/wp\/v2\/comments?post=9266263"}],"wp:featuredmedia":[{"embeddable":true,"href":"https:\/\/bobtoolbox.fr\/en\/wp-json\/wp\/v2\/media\/9266264"}],"wp:attachment":[{"href":"https:\/\/bobtoolbox.fr\/en\/wp-json\/wp\/v2\/media?parent=9266263"}],"wp:term":[{"taxonomy":"product_brand","embeddable":true,"href":"https:\/\/bobtoolbox.fr\/en\/wp-json\/wp\/v2\/product_brand?post=9266263"},{"taxonomy":"product_cat","embeddable":true,"href":"https:\/\/bobtoolbox.fr\/en\/wp-json\/wp\/v2\/product_cat?post=9266263"},{"taxonomy":"product_tag","embeddable":true,"href":"https:\/\/bobtoolbox.fr\/en\/wp-json\/wp\/v2\/product_tag?post=9266263"}],"curies":[{"name":"wp","href":"https:\/\/api.w.org\/{rel}","templated":true}]}}