{"id":9266307,"date":"2024-09-13T09:48:22","date_gmt":"2024-09-13T07:48:22","guid":{"rendered":"https:\/\/bobtoolbox.fr\/produit\/veste-en-peau-femme-magdalena-steinbock\/"},"modified":"2025-12-11T15:24:13","modified_gmt":"2025-12-11T14:24:13","slug":"veste-en-peau-femme-magdalena-steinbock","status":"publish","type":"product","link":"https:\/\/bobtoolbox.fr\/en\/product\/veste-en-peau-femme-magdalena-steinbock\/","title":{"rendered":"VESTE EN PEAU FEMME MAGDALENA &#8211; STEINBOCK &#8211; Taille 38, 42, 46"},"content":{"rendered":"","protected":false},"excerpt":{"rendered":"<p>Succombez au charme intemporel de la <b>veste en peau de fabrication autrichienne <\/b>. Confectionn\u00e9e dans un magnifique <b>cuir velours<\/b> de ch\u00e8vre, cette pi\u00e8ce allie \u00e0 la perfection souplesse et robustesse. Sa coupe moderne et ses finitions soign\u00e9es en font une alli\u00e9e de choix pour toutes vos envies, que ce soit pour une journ\u00e9e en ville ou une escapade \u00e0 la campagne. C&rsquo;est un v\u00e9ritable coup de c\u0153ur qui mettra en valeur votre silhouette avec \u00e9l\u00e9gance.<\/p>","protected":false},"featured_media":9266308,"comment_status":"open","ping_status":"closed","template":"","meta":{"_acf_changed":false,"_seopress_robots_primary_cat":"none","_seopress_titles_title":"","_seopress_titles_desc":"","_seopress_robots_index":"","_gspb_post_css":"","_glsr_average":5,"_glsr_ranking":3.6363636363636,"_glsr_reviews":1},"product_brand":[],"product_cat":[276,269],"product_tag":[],"class_list":{"0":"post-9266307","1":"product","2":"type-product","3":"status-publish","4":"has-post-thumbnail","6":"product_cat-femme","7":"product_cat-la-veste-femme","8":"pa_votre-taille-fr-31","9":"pa_votre-taille-fr-134","10":"pa_votre-taille-fr-136","11":"pa_votre-taille-fr-24","13":"first","14":"instock","15":"taxable","16":"shipping-taxable","17":"purchasable","18":"product-type-variable"},"acf":[],"_links":{"self":[{"href":"https:\/\/bobtoolbox.fr\/en\/wp-json\/wp\/v2\/product\/9266307","targetHints":{"allow":["GET"]}}],"collection":[{"href":"https:\/\/bobtoolbox.fr\/en\/wp-json\/wp\/v2\/product"}],"about":[{"href":"https:\/\/bobtoolbox.fr\/en\/wp-json\/wp\/v2\/types\/product"}],"replies":[{"embeddable":true,"href":"https:\/\/bobtoolbox.fr\/en\/wp-json\/wp\/v2\/comments?post=9266307"}],"wp:featuredmedia":[{"embeddable":true,"href":"https:\/\/bobtoolbox.fr\/en\/wp-json\/wp\/v2\/media\/9266308"}],"wp:attachment":[{"href":"https:\/\/bobtoolbox.fr\/en\/wp-json\/wp\/v2\/media?parent=9266307"}],"wp:term":[{"taxonomy":"product_brand","embeddable":true,"href":"https:\/\/bobtoolbox.fr\/en\/wp-json\/wp\/v2\/product_brand?post=9266307"},{"taxonomy":"product_cat","embeddable":true,"href":"https:\/\/bobtoolbox.fr\/en\/wp-json\/wp\/v2\/product_cat?post=9266307"},{"taxonomy":"product_tag","embeddable":true,"href":"https:\/\/bobtoolbox.fr\/en\/wp-json\/wp\/v2\/product_tag?post=9266307"}],"curies":[{"name":"wp","href":"https:\/\/api.w.org\/{rel}","templated":true}]}}