{"id":9266554,"date":"2025-09-12T04:59:44","date_gmt":"2025-09-12T02:59:44","guid":{"rendered":"https:\/\/bobtoolbox.fr\/produit\/la-veste-autrichienne-enfant\/"},"modified":"2025-12-11T16:07:32","modified_gmt":"2025-12-11T15:07:32","slug":"la-veste-autrichienne-enfant","status":"publish","type":"product","link":"https:\/\/bobtoolbox.fr\/en\/product\/la-veste-autrichienne-enfant\/","title":{"rendered":"LA VESTE AUTRICHIENNE ENFANT"},"content":{"rendered":"","protected":false},"excerpt":{"rendered":"<p>La douceur des tons et le confort autrichien r\u00e9unis dans cette veste pour enfant \u00e0 l&rsquo;\u00e9l\u00e9gance naturelle.<\/p>","protected":false},"featured_media":9266555,"comment_status":"open","ping_status":"closed","template":"","meta":{"_acf_changed":false,"_seopress_robots_primary_cat":"none","_seopress_titles_title":"","_seopress_titles_desc":"","_seopress_robots_index":"","_gspb_post_css":"","_glsr_average":0,"_glsr_ranking":0,"_glsr_reviews":0},"product_brand":[],"product_cat":[275,260],"product_tag":[],"class_list":{"0":"post-9266554","1":"product","2":"type-product","3":"status-publish","4":"has-post-thumbnail","6":"product_cat-enfant","7":"product_cat-la-veste-autrichienne-enfant","8":"pa_les-couleurs-bleu","9":"pa_les-couleurs-gris","10":"pa_votre-taille-fr-36","11":"pa_votre-taille-fr-116","12":"pa_votre-taille-fr-37","13":"pa_votre-taille-fr-117","14":"pa_votre-taille-fr-38","15":"pa_votre-taille-fr-39","17":"first","18":"instock","19":"taxable","20":"shipping-taxable","21":"purchasable","22":"product-type-variable"},"acf":[],"_links":{"self":[{"href":"https:\/\/bobtoolbox.fr\/en\/wp-json\/wp\/v2\/product\/9266554","targetHints":{"allow":["GET"]}}],"collection":[{"href":"https:\/\/bobtoolbox.fr\/en\/wp-json\/wp\/v2\/product"}],"about":[{"href":"https:\/\/bobtoolbox.fr\/en\/wp-json\/wp\/v2\/types\/product"}],"replies":[{"embeddable":true,"href":"https:\/\/bobtoolbox.fr\/en\/wp-json\/wp\/v2\/comments?post=9266554"}],"wp:featuredmedia":[{"embeddable":true,"href":"https:\/\/bobtoolbox.fr\/en\/wp-json\/wp\/v2\/media\/9266555"}],"wp:attachment":[{"href":"https:\/\/bobtoolbox.fr\/en\/wp-json\/wp\/v2\/media?parent=9266554"}],"wp:term":[{"taxonomy":"product_brand","embeddable":true,"href":"https:\/\/bobtoolbox.fr\/en\/wp-json\/wp\/v2\/product_brand?post=9266554"},{"taxonomy":"product_cat","embeddable":true,"href":"https:\/\/bobtoolbox.fr\/en\/wp-json\/wp\/v2\/product_cat?post=9266554"},{"taxonomy":"product_tag","embeddable":true,"href":"https:\/\/bobtoolbox.fr\/en\/wp-json\/wp\/v2\/product_tag?post=9266554"}],"curies":[{"name":"wp","href":"https:\/\/api.w.org\/{rel}","templated":true}]}}