{"id":9262743,"date":"2025-10-30T16:52:53","date_gmt":"2025-10-30T15:52:53","guid":{"rendered":"https:\/\/bobtoolbox.fr\/?page_id=9262743"},"modified":"2025-12-02T11:40:29","modified_gmt":"2025-12-02T10:40:29","slug":"securite-de-paiement","status":"publish","type":"page","link":"https:\/\/bobtoolbox.fr\/es\/securite-de-paiement\/","title":{"rendered":"Seguridad en los pagos"},"content":{"rendered":"<style>#gspb_row-id-gsbp-89abe4a{justify-content:space-between;margin-top:0px;margin-bottom:0px;display:flex;flex-wrap:wrap;}#gspb_row-id-gsbp-89abe4a > .gspb_row__content{display:flex;justify-content:space-between;margin:0 auto;width:100%;flex-wrap:wrap;}.gspb_row{position:relative;}div[id^=gspb_col-id]{box-sizing:border-box;position:relative;}div[id^=gspb_col-id]{padding:var(--gs-row-column-padding,15px min(3vw,20px));}body.gspb-bodyfront #gspb_row-id-gsbp-89abe4a > .gspb_row__content{max-width:var(--wp--style--global--wide-size,1200px);}#gspb_row-id-gsbp-89abe4a{margin-top:100px;margin-bottom:2px;}<\/style>\n<section class=\"wp-block-greenshift-blocks-row alignfull gspb_row gspb_row-id-gsbp-89abe4a\" id=\"gspb_row-id-gsbp-89abe4a\"><div class=\"gspb_row__content\"> <style>#gspb_col-id-gsbp-0837c8c.gspb_row__col--12{width:100%;}@media (max-width:575.98px){#gspb_col-id-gsbp-0837c8c.gspb_row__col--12{width:100%;}}body #gspb_col-id-gsbp-0837c8c.gspb_row__col--12{display:flex;flex-direction:column;align-items:center;}<\/style>\n<div class=\"wp-block-greenshift-blocks-row-column gspb_row__col--12 gspb_col-id-gsbp-0837c8c\" id=\"gspb_col-id-gsbp-0837c8c\"><style>.gspb_container-id-gsbp-cb2e91e{flex-direction:column;box-sizing:border-box;}#gspb_container-id-gsbp-cb2e91e.gspb_container > p:last-of-type{margin-bottom:0}#gspb_container-id-gsbp-cb2e91e.gspb_container{position:relative;}#gspb_container-id-gsbp-cb2e91e.gspb_container{display:flex;flex-direction:column;align-items:center;}<\/style>\n<div class=\"wp-block-greenshift-blocks-container gspb_container gspb_container-gsbp-cb2e91e\" id=\"gspb_container-id-gsbp-cb2e91e\"><style>#gspb_heading-id-gsbp-134b893{font-family:Baskervville,sans-serif;}#gspb_heading-id-gsbp-134b893{text-transform:uppercase;}#gspb_heading-id-gsbp-134b893{font-size:25px;}#gspb_heading-id-gsbp-134b893,#gspb_heading-id-gsbp-134b893 .gsap-g-line{text-align:center!important;}<\/style>\n<h2 id=\"gspb_heading-id-gsbp-134b893\" class=\"gspb_heading gspb_heading-id-gsbp-134b893\">Seguridad en los pagos<\/h2>\n\n\n<style>.gsbp-8c81b3d{width:80%;height:var(--wp--custom--size--r,40px);}<\/style>\n<svg viewbox=\"0 0 100% 1\" width=\"100%\" height=\"5.5\" class=\"gsbp-8c81b3d\">\n  <rect width=\"100%\" height=\"1\" fill=\"#000\"\/>\n<\/svg>\n<\/div>\n<\/div>\n <\/div><\/section>\n\n\n<style>#gspb_row-id-gsbp-0014543{justify-content:space-between;margin-top:0px;margin-bottom:0px;display:flex;flex-wrap:wrap;}#gspb_row-id-gsbp-0014543 > .gspb_row__content{display:flex;justify-content:space-between;margin:0 auto;width:100%;flex-wrap:wrap;}.gspb_row{position:relative;}div[id^=gspb_col-id]{box-sizing:border-box;position:relative;}div[id^=gspb_col-id]{padding:var(--gs-row-column-padding,15px min(3vw,20px));}body.gspb-bodyfront #gspb_row-id-gsbp-0014543 > .gspb_row__content{max-width:var(--wp--style--global--wide-size,1200px);}<\/style>\n<section class=\"wp-block-greenshift-blocks-row alignfull gspb_row gspb_row-id-gsbp-0014543\" id=\"gspb_row-id-gsbp-0014543\"><div class=\"gspb_row__content\"> <style>#gspb_col-id-gsbp-7501474.gspb_row__col--12{width:100%;}@media (max-width:575.98px){#gspb_col-id-gsbp-7501474.gspb_row__col--12{width:100%;}}<\/style>\n<div class=\"wp-block-greenshift-blocks-row-column gspb_row__col--12 gspb_col-id-gsbp-7501474\" id=\"gspb_col-id-gsbp-7501474\"><style>.gspb_text-id-gsbp-e78cfdf{font-size:15px;}.gspb_text-id-gsbp-e78cfdf,.gspb_text-id-gsbp-e78cfdf .gsap-g-line{text-align:center!important;}.gspb_text-id-gsbp-e78cfdf{margin-top:2px!important;margin-bottom:20px!important;}<\/style>\n<div id=\"gspb_text-id-gsbp-e78cfdf\" class=\"gspb_text gspb_text-id-gsbp-e78cfdf\"><strong>R\u00e9gler vos achats simplement et en toute s\u00e9curit\u00e9 !<\/strong><\/div>\n\n\n<style>.gspb_text-id-gsbp-071aa39{font-size:15px;}.gspb_text-id-gsbp-071aa39,.gspb_text-id-gsbp-071aa39 .gsap-g-line{text-align:left!important;}.gspb_text-id-gsbp-071aa39{margin-top:2px!important;}<\/style>\n<div id=\"gspb_text-id-gsbp-071aa39\" class=\"gspb_text gspb_text-id-gsbp-071aa39\"><strong>Par Carte Bancaire<\/strong>:<br><a href=\"https:\/\/www.edelweissetculottecourte.com\/wp-content\/uploads\/2020\/07\/Stripe-paiement.webp\"><\/a><br>Les transactions effectu\u00e9es sur le site sont s\u00e9curis\u00e9es par le syst\u00e8me de paiement du partenaire de Edelweiss etculottecourte, la soci\u00e9t\u00e9 <a href=\"http:\/\/stipe.com\">Stripe paiements Europe<\/a> (\u00ab\u00a0Stripe\u00a0\u00bb), soci\u00e9t\u00e9 irlandaise dont le si\u00e8ge social est situ\u00e9 The One Building, 1 Grand Canal Street Lower, Dublin 2, Ireland.<br><br>Toutes les informations \u00e9chang\u00e9es pour traiter le paiement sont crypt\u00e9es gr\u00e2ce au protocole SSL (Secure Socket Layer), plus d\u2019informations peuvent \u00eatre consult\u00e9es\u00a0sur le site :\u00a0<a href=\"https:\/\/stripe.com\/help\/ssl\">https:\/\/stripe.com\/help\/ssl<\/a>. Ces donn\u00e9es ne peuvent \u00eatre ni d\u00e9tect\u00e9es, ni intercept\u00e9es, ni utilis\u00e9es par des tiers. A aucun moment les donn\u00e9es bancaires du client ne transitent sur le syst\u00e8me informatique d&rsquo;Edelweiss &amp; culottecourte.<br><br>La soci\u00e9t\u00e9 <a href=\"http:\/\/stripe.com\">Stripe<\/a> \u00e9tant un prestataire technique, elle ne prend pas en charge les contestations li\u00e9es aux commandes, lesquelles sont trait\u00e9es directement par Edelweiss etculottecourte comme pr\u00e9cis\u00e9 ci-avant ou le cas \u00e9ch\u00e9ant par la banque du client.<br><br>Le prix des produits achet\u00e9s est \u00e9galement payable en fractionn\u00e9\/diff\u00e9r\u00e9. Ce paiement en plusieurs fois\/diff\u00e9r\u00e9 est disponible via notre partenaire <a href=\"https:\/\/almapay.com\/fr-FR\">Alma<\/a>. La s\u00e9curisation des paiements est assur\u00e9e par Alma et ses prestataires. Tous les paiements sont prot\u00e9g\u00e9s par le 3D Secure.<br><br>Montant des achats :<br>Paiement 2X sans frais: Seuls les achats entre 150 \u20ac et 2 000 \u20ac sont \u00e9ligibles au paiement avec <a href=\"https:\/\/almapay.com\/fr-FR\">Alma<\/a>,<br>Paiement 3X sans frais: Seuls les achats entre 150 \u20ac et 2 000 \u20ac sont \u00e9ligibles au paiement avec <a href=\"https:\/\/almapay.com\/fr-FR\">Alma<\/a>.<br>En payant en plusieurs fois avec Alma le Client ne paye pas de frais.<br><a href=\"https:\/\/almapay.com\/fr-FR\">Alma<\/a> est gestionnaire de t\u00e9l\u00e9-paiement et d\u00e9livre un certificat \u00e9lectronique qui vaudra preuve du montant et de la date de la transaction conform\u00e9ment aux dispositions des articles 1316 et suivants du code civil. Toute r\u00e9siliation des CGV qui lient le Vendeur et le client, entraine la r\u00e9siliation des CGU ente <a href=\"https:\/\/almapay.com\/fr-FR\">Alma<\/a> et le client.<br><br><strong>Par <a href=\"https:\/\/www.paypal.com\/fr\/home\">PayPal<\/a><\/strong><br><a href=\"https:\/\/edelweissetculottecourte.com\/wp-content\/uploads\/2019\/11\/Paypal-e1573649307330.webp\"><\/a><br>Lors de votre commande, vous s\u00e9lectionnez le mode de paiement <a href=\"https:\/\/www.paypal.com\/fr\/home\">PayPal<\/a> puis vous validez:<br>vous \u00eates redirig\u00e9 vers votre compte <a href=\"http:\/\/PayPal\">PayPal<\/a><br>identifiez-vous (ou cr\u00e9ez votre compte), et validez votre paiement<br>une fois votre paiement accept\u00e9, vous revenez automatiquement sur www.edelweissetculottecourte.com pour consulter votre commande.<br><strong>\u00a0<br>Par ch\u00e8que ou virement\u2026<\/strong><\/div>\n<\/div>\n <\/div><\/section>\n\n\n<style>#gspb_row-id-gsbp-808030f{justify-content:space-between;margin-top:0px;margin-bottom:0px;display:flex;flex-wrap:wrap;}#gspb_row-id-gsbp-808030f > .gspb_row__content{display:flex;justify-content:space-between;margin:0 auto;width:100%;flex-wrap:wrap;}.gspb_row{position:relative;}div[id^=gspb_col-id]{box-sizing:border-box;position:relative;}div[id^=gspb_col-id]{padding:var(--gs-row-column-padding,15px min(3vw,20px));}body.gspb-bodyfront #gspb_row-id-gsbp-808030f > .gspb_row__content{max-width:var(--wp--style--global--wide-size,1200px);}#gspb_row-id-gsbp-808030f{margin-top:50px;padding-top:50px;padding-bottom:25px;}#gspb_row-id-gsbp-808030f{background-color:var(--wp--preset--color--custom-beige,#f9f9f9);}<\/style>\n<section class=\"wp-block-greenshift-blocks-row alignfull gspb_row gspb_row-id-gsbp-808030f\" id=\"gspb_row-id-gsbp-808030f\"><div class=\"gspb_row__content\"> <style>#gspb_col-id-gsbp-aaceaca.gspb_row__col--12{width:100%;}@media (max-width:575.98px){#gspb_col-id-gsbp-aaceaca.gspb_row__col--12{width:100%;}}<\/style>\n<div class=\"wp-block-greenshift-blocks-row-column gspb_row__col--12 gspb_col-id-gsbp-aaceaca\" id=\"gspb_col-id-gsbp-aaceaca\"><style>.gspb_container-id-gsbp-487232b{flex-direction:column;box-sizing:border-box;}#gspb_container-id-gsbp-487232b.gspb_container > p:last-of-type{margin-bottom:0}#gspb_container-id-gsbp-487232b.gspb_container{position:relative;}#gspb_container-id-gsbp-487232b.gspb_container{display:grid;grid-template-columns:repeat(4,minmax(0,1fr));}<\/style>\n<div class=\"wp-block-greenshift-blocks-container gspb_container gspb_container-gsbp-487232b\" id=\"gspb_container-id-gsbp-487232b\"><style>.gspb_container-id-gsbp-abbf86a{flex-direction:column;box-sizing:border-box;}#gspb_container-id-gsbp-abbf86a.gspb_container > p:last-of-type{margin-bottom:0}#gspb_container-id-gsbp-abbf86a.gspb_container{position:relative;}#gspb_container-id-gsbp-abbf86a.gspb_container{transition:all 0.3s cubic-bezier(0.42,0,0.58,1);}#gspb_container-id-gsbp-abbf86a.gspb_container:hover{transform:scale(0.95);}<\/style>\n<div class=\"wp-block-greenshift-blocks-container gspb_container gspb_container-gsbp-abbf86a\" id=\"gspb_container-id-gsbp-abbf86a\"><style>#gspb_iconBox-id-gsbp-a781966 svg{width:72px;}#gspb_iconBox-id-gsbp-a781966{align-items:center;justify-content:center;display:flex;}#gspb_iconBox-id-gsbp-a781966 img{height:60px!important;width:60px!important;min-width:60px!important;}#gspb_iconBox-id-gsbp-a781966 img,#gspb_iconBox-id-gsbp-a781966 img path{fill:currentColor !important;}#gspb_iconBox-id-gsbp-a781966 img{margin:0px !important;}#gspb_iconBox-id-gsbp-a781966 img:hover,#gspb_iconBox-id-gsbp-a781966 img:hover path{fill:var(--wp--preset--color--custom-bordeaux,#7e1710) !important;}#gspb_iconBox-id-gsbp-a781966 .gspb_iconBox__wrapper{margin-bottom:0px;padding-bottom:0px;}<\/style>\n<div class=\"wp-block-greenshift-blocks-iconbox gspb_iconBox gspb_iconBox-id-gsbp-a781966\" id=\"gspb_iconBox-id-gsbp-a781966\"><div class=\"gspb_iconBox__wrapper\" style=\"display:inline-flex\"><img decoding=\"async\" src=\"https:\/\/bobtoolbox.fr\/wp-content\/uploads\/2025\/10\/box.webp\"\/><\/div><\/div>\n\n\n<style>#gspb_heading-id-gsbp-1608984{font-family:Roboto,sans-serif;}#gspb_heading-id-gsbp-1608984{text-transform:uppercase;}#gspb_heading-id-gsbp-1608984{font-size:10px;}#gspb_heading-id-gsbp-1608984{letter-spacing:2px;}#gspb_heading-id-gsbp-1608984,#gspb_heading-id-gsbp-1608984 .gsap-g-line{text-align:center!important;}#gspb_heading-id-gsbp-1608984{font-weight:500!important;}#gspb_heading-id-gsbp-1608984:hover{color:var(--wp--preset--color--custom-bordeaux,#7e1710);}#gspb_heading-id-gsbp-1608984{margin-top:20px;}<\/style>\n<h3 id=\"gspb_heading-id-gsbp-1608984\" class=\"gspb_heading gspb_heading-id-gsbp-1608984\">libre intercambio<\/h3>\n<\/div>\n\n\n<style>.gspb_container-id-gsbp-7796973{flex-direction:column;box-sizing:border-box;}#gspb_container-id-gsbp-7796973.gspb_container > p:last-of-type{margin-bottom:0}#gspb_container-id-gsbp-7796973.gspb_container{position:relative;}#gspb_container-id-gsbp-7796973.gspb_container{transition:all 0.3s cubic-bezier(0.42,0,0.58,1);}#gspb_container-id-gsbp-7796973.gspb_container:hover{transform:scale(0.95);}<\/style>\n<div class=\"wp-block-greenshift-blocks-container gspb_container gspb_container-gsbp-7796973\" id=\"gspb_container-id-gsbp-7796973\"><style>#gspb_iconBox-id-gsbp-1710990 svg{width:72px;}#gspb_iconBox-id-gsbp-1710990{align-items:center;justify-content:center;display:flex;}#gspb_iconBox-id-gsbp-1710990 img{height:60px!important;width:60px!important;min-width:60px!important;}#gspb_iconBox-id-gsbp-1710990 img,#gspb_iconBox-id-gsbp-1710990 img path{fill:currentColor !important;}#gspb_iconBox-id-gsbp-1710990 img{margin:0px !important;}#gspb_iconBox-id-gsbp-1710990 img:hover,#gspb_iconBox-id-gsbp-1710990 img:hover path{fill:var(--wp--preset--color--custom-bordeaux,#7e1710) !important;}#gspb_iconBox-id-gsbp-1710990 .gspb_iconBox__wrapper{margin-bottom:0px;padding-bottom:0px;}<\/style>\n<div class=\"wp-block-greenshift-blocks-iconbox gspb_iconBox gspb_iconBox-id-gsbp-1710990\" id=\"gspb_iconBox-id-gsbp-1710990\"><div class=\"gspb_iconBox__wrapper\" style=\"display:inline-flex\"><img decoding=\"async\" src=\"https:\/\/bobtoolbox.fr\/wp-content\/uploads\/2025\/10\/payment-security-e1578566273448.webp\"\/><\/div><\/div>\n\n\n<style>#gspb_heading-id-gsbp-6125fb2{font-family:Roboto,sans-serif;}#gspb_heading-id-gsbp-6125fb2{text-transform:uppercase;}#gspb_heading-id-gsbp-6125fb2{font-size:10px;}#gspb_heading-id-gsbp-6125fb2{letter-spacing:2px;}#gspb_heading-id-gsbp-6125fb2,#gspb_heading-id-gsbp-6125fb2 .gsap-g-line{text-align:center!important;}#gspb_heading-id-gsbp-6125fb2{font-weight:500!important;}#gspb_heading-id-gsbp-6125fb2:hover{color:var(--wp--preset--color--custom-bordeaux,#7e1710);}#gspb_heading-id-gsbp-6125fb2{margin-top:20px;}<\/style>\n<h3 id=\"gspb_heading-id-gsbp-6125fb2\" class=\"gspb_heading gspb_heading-id-gsbp-6125fb2\">Pago seguro<\/h3>\n<\/div>\n\n\n<style>.gspb_container-id-gsbp-b8fe39c{flex-direction:column;box-sizing:border-box;}#gspb_container-id-gsbp-b8fe39c.gspb_container > p:last-of-type{margin-bottom:0}#gspb_container-id-gsbp-b8fe39c.gspb_container{position:relative;}#gspb_container-id-gsbp-b8fe39c.gspb_container{transition:all 0.3s cubic-bezier(0.42,0,0.58,1);}#gspb_container-id-gsbp-b8fe39c.gspb_container:hover{transform:scale(0.95);}<\/style>\n<div class=\"wp-block-greenshift-blocks-container gspb_container gspb_container-gsbp-b8fe39c\" id=\"gspb_container-id-gsbp-b8fe39c\"><style>#gspb_iconBox-id-gsbp-b256087 svg{width:72px;}#gspb_iconBox-id-gsbp-b256087{align-items:center;justify-content:center;display:flex;}#gspb_iconBox-id-gsbp-b256087 img{height:60px!important;width:60px!important;min-width:60px!important;}#gspb_iconBox-id-gsbp-b256087 img,#gspb_iconBox-id-gsbp-b256087 img path{fill:currentColor !important;}#gspb_iconBox-id-gsbp-b256087 img{margin:0px !important;}#gspb_iconBox-id-gsbp-b256087 img:hover,#gspb_iconBox-id-gsbp-b256087 img:hover path{fill:var(--wp--preset--color--custom-bordeaux,#7e1710) !important;}#gspb_iconBox-id-gsbp-b256087 .gspb_iconBox__wrapper{margin-bottom:0px;padding-bottom:0px;}<\/style>\n<div class=\"wp-block-greenshift-blocks-iconbox gspb_iconBox gspb_iconBox-id-gsbp-b256087\" id=\"gspb_iconBox-id-gsbp-b256087\"><div class=\"gspb_iconBox__wrapper\" style=\"display:inline-flex\"><img decoding=\"async\" src=\"https:\/\/bobtoolbox.fr\/wp-content\/uploads\/2025\/10\/credit-cards.svg\"\/><\/div><\/div>\n\n\n<style>#gspb_heading-id-gsbp-e00a6ae{font-family:Roboto,sans-serif;}#gspb_heading-id-gsbp-e00a6ae{text-transform:uppercase;}#gspb_heading-id-gsbp-e00a6ae{font-size:10px;}#gspb_heading-id-gsbp-e00a6ae{letter-spacing:2px;}#gspb_heading-id-gsbp-e00a6ae,#gspb_heading-id-gsbp-e00a6ae .gsap-g-line{text-align:center!important;}#gspb_heading-id-gsbp-e00a6ae{font-weight:500!important;}#gspb_heading-id-gsbp-e00a6ae:hover{color:var(--wp--preset--color--custom-bordeaux,#7e1710);}#gspb_heading-id-gsbp-e00a6ae{margin-top:20px;}<\/style>\n<h3 id=\"gspb_heading-id-gsbp-e00a6ae\" class=\"gspb_heading gspb_heading-id-gsbp-e00a6ae\">Pago gratuito 2x y 3x<\/h3>\n<\/div>\n\n\n<style>.gspb_container-id-gsbp-3128020{flex-direction:column;box-sizing:border-box;}#gspb_container-id-gsbp-3128020.gspb_container > p:last-of-type{margin-bottom:0}#gspb_container-id-gsbp-3128020.gspb_container{position:relative;}#gspb_container-id-gsbp-3128020.gspb_container{transition:all 0.3s cubic-bezier(0.42,0,0.58,1);}#gspb_container-id-gsbp-3128020.gspb_container:hover{transform:scale(0.95);}<\/style>\n<div class=\"wp-block-greenshift-blocks-container gspb_container gspb_container-gsbp-3128020\" id=\"gspb_container-id-gsbp-3128020\"><style>#gspb_iconBox-id-gsbp-afd9542 svg{width:72px;}#gspb_iconBox-id-gsbp-afd9542{align-items:center;justify-content:center;display:flex;}#gspb_iconBox-id-gsbp-afd9542 img{height:60px!important;width:60px!important;min-width:60px!important;}#gspb_iconBox-id-gsbp-afd9542 img,#gspb_iconBox-id-gsbp-afd9542 img path{fill:currentColor !important;}#gspb_iconBox-id-gsbp-afd9542 img{margin:0px !important;}#gspb_iconBox-id-gsbp-afd9542 img:hover,#gspb_iconBox-id-gsbp-afd9542 img:hover path{fill:var(--wp--preset--color--custom-bordeaux,#7e1710) !important;}#gspb_iconBox-id-gsbp-afd9542 .gspb_iconBox__wrapper{margin-bottom:0px;padding-bottom:0px;}<\/style>\n<div class=\"wp-block-greenshift-blocks-iconbox gspb_iconBox gspb_iconBox-id-gsbp-afd9542\" id=\"gspb_iconBox-id-gsbp-afd9542\"><div class=\"gspb_iconBox__wrapper\" style=\"display:inline-flex\"><img decoding=\"async\" src=\"https:\/\/bobtoolbox.fr\/wp-content\/uploads\/2025\/10\/star.webp\"\/><\/div><\/div>\n\n\n<style>#gspb_heading-id-gsbp-a724d03{font-family:Roboto,sans-serif;}#gspb_heading-id-gsbp-a724d03{text-transform:uppercase;}#gspb_heading-id-gsbp-a724d03{font-size:10px;}#gspb_heading-id-gsbp-a724d03{letter-spacing:2px;}#gspb_heading-id-gsbp-a724d03,#gspb_heading-id-gsbp-a724d03 .gsap-g-line{text-align:center!important;}#gspb_heading-id-gsbp-a724d03{font-weight:500!important;}#gspb_heading-id-gsbp-a724d03:hover{color:var(--wp--preset--color--custom-bordeaux,#7e1710);}#gspb_heading-id-gsbp-a724d03{margin-top:20px;}<\/style>\n<h3 id=\"gspb_heading-id-gsbp-a724d03\" class=\"gspb_heading gspb_heading-id-gsbp-a724d03\">Comentarios de los clientes<\/h3>\n<\/div>\n<\/div>\n\n\n<style>.gspb_container-id-gsbp-b745e10{flex-direction:column;box-sizing:border-box;}#gspb_container-id-gsbp-b745e10.gspb_container > p:last-of-type{margin-bottom:0}#gspb_container-id-gsbp-b745e10.gspb_container{position:relative;}#gspb_container-id-gsbp-b745e10.gspb_container{display:flex;flex-direction:column;align-items:center;}#gspb_container-id-gsbp-b745e10.gspb_container{margin-bottom:0px;}<\/style>\n<div class=\"wp-block-greenshift-blocks-container gspb_container gspb_container-gsbp-b745e10\" id=\"gspb_container-id-gsbp-b745e10\"><style>.gsbp-0d0bd37{width:80%;height:var(--wp--custom--size--r,40px);}<\/style>\n<svg viewbox=\"0 0 100% 1\" width=\"100%\" height=\"5.5\" class=\"gsbp-0d0bd37\">\n  <rect width=\"100%\" height=\"1\" fill=\"#f9f9f9\"\/>\n<\/svg>\n<\/div>\n<\/div>\n <\/div><\/section>","protected":false},"excerpt":{"rendered":"","protected":false},"author":1,"featured_media":0,"parent":0,"menu_order":0,"comment_status":"closed","ping_status":"closed","template":"no-title","meta":{"_acf_changed":false,"_seopress_robots_primary_cat":"","_seopress_titles_title":"%%title%% %%sep%% %%sitename%%","_seopress_titles_desc":"Pour la s\u00e9curit\u00e9 de vos paiements nous utilisons PAYPAL et STRIPE. Avec ces syst\u00e8mes, vos paiements par carte s'effectue directement sur les serveurs s\u00e9curis\u00e9s de Paypal et STRIPE.","_seopress_robots_index":"","_gspb_post_css":"","_glsr_average":0,"_glsr_ranking":0,"_glsr_reviews":0,"footnotes":""},"class_list":["post-9262743","page","type-page","status-publish","hentry"],"acf":[],"_links":{"self":[{"href":"https:\/\/bobtoolbox.fr\/es\/wp-json\/wp\/v2\/pages\/9262743","targetHints":{"allow":["GET"]}}],"collection":[{"href":"https:\/\/bobtoolbox.fr\/es\/wp-json\/wp\/v2\/pages"}],"about":[{"href":"https:\/\/bobtoolbox.fr\/es\/wp-json\/wp\/v2\/types\/page"}],"author":[{"embeddable":true,"href":"https:\/\/bobtoolbox.fr\/es\/wp-json\/wp\/v2\/users\/1"}],"replies":[{"embeddable":true,"href":"https:\/\/bobtoolbox.fr\/es\/wp-json\/wp\/v2\/comments?post=9262743"}],"version-history":[{"count":4,"href":"https:\/\/bobtoolbox.fr\/es\/wp-json\/wp\/v2\/pages\/9262743\/revisions"}],"predecessor-version":[{"id":9262808,"href":"https:\/\/bobtoolbox.fr\/es\/wp-json\/wp\/v2\/pages\/9262743\/revisions\/9262808"}],"wp:attachment":[{"href":"https:\/\/bobtoolbox.fr\/es\/wp-json\/wp\/v2\/media?parent=9262743"}],"curies":[{"name":"wp","href":"https:\/\/api.w.org\/{rel}","templated":true}]}}