{"id":9264845,"date":"2019-11-14T19:11:21","date_gmt":"2019-11-14T18:11:21","guid":{"rendered":"https:\/\/bobtoolbox.fr\/produit\/wobling-carreaux\/"},"modified":"2025-11-19T15:58:42","modified_gmt":"2025-11-19T14:58:42","slug":"wobling-carreaux","status":"publish","type":"product","link":"https:\/\/bobtoolbox.fr\/es\/product\/wobling-carreaux\/","title":{"rendered":"GILET SANS MANCHES TWEED W\u00d6BLING &#8211; STEINBOCK &#8211; TAILLE 48, 50, 60"},"content":{"rendered":"<p><strong>Gilet Sans Manches \u00ab\u00a0W\u00f6bling\u00a0\u00bb : L&rsquo;\u00c9l\u00e9gance Naturelle du Tweed<\/strong> D\u00e9couvrez le gilet sans manchess \u00ab\u00a0W\u00f6bling\u00a0\u00bb, une pi\u00e8ce d&rsquo;une belle \u00e9l\u00e9gance qui allie charme traditionnel et modernit\u00e9. Avec son plastron et son dos \u00e0 carreaux harmonieux, ce gilet n&rsquo;est pas difficile : il se suffit \u00e0 lui-m\u00eame, offrant une allure raffin\u00e9e et d\u00e9contract\u00e9e en toute simplicit\u00e9 !<\/p>","protected":false},"excerpt":{"rendered":"<p><strong>Gilet Sans Manches \u00ab\u00a0W\u00f6bling\u00a0\u00bb : L&rsquo;\u00c9l\u00e9gance Naturelle du Tweed<\/strong> D\u00e9couvrez le gilet sans manchess \u00ab\u00a0W\u00f6bling\u00a0\u00bb, une pi\u00e8ce d&rsquo;une belle \u00e9l\u00e9gance qui allie charme traditionnel et modernit\u00e9. Avec son plastron et son dos \u00e0 carreaux harmonieux, ce gilet n&rsquo;est pas difficile : il se suffit \u00e0 lui-m\u00eame, offrant une allure raffin\u00e9e et d\u00e9contract\u00e9e en toute simplicit\u00e9 !<\/p>","protected":false},"featured_media":9264846,"comment_status":"open","ping_status":"open","template":"","meta":{"_acf_changed":false,"_seopress_robots_primary_cat":"","_seopress_titles_title":"","_seopress_titles_desc":"","_seopress_robots_index":"","_gspb_post_css":"","_glsr_average":5,"_glsr_ranking":3.6363636363636,"_glsr_reviews":1},"product_brand":[],"product_cat":[253],"product_tag":[],"class_list":{"0":"post-9264845","1":"product","2":"type-product","3":"status-publish","4":"has-post-thumbnail","6":"product_cat-le-gilet-sans-manches","7":"pa_les-couleurs-vert","8":"pa_marque-steinbock","9":"pa_votre-taille-fr-31","10":"pa_votre-taille-fr-25","11":"pa_votre-taille-fr-26","13":"first","14":"instock","15":"taxable","16":"shipping-taxable","17":"purchasable","18":"product-type-variable"},"acf":[],"_links":{"self":[{"href":"https:\/\/bobtoolbox.fr\/es\/wp-json\/wp\/v2\/product\/9264845","targetHints":{"allow":["GET"]}}],"collection":[{"href":"https:\/\/bobtoolbox.fr\/es\/wp-json\/wp\/v2\/product"}],"about":[{"href":"https:\/\/bobtoolbox.fr\/es\/wp-json\/wp\/v2\/types\/product"}],"replies":[{"embeddable":true,"href":"https:\/\/bobtoolbox.fr\/es\/wp-json\/wp\/v2\/comments?post=9264845"}],"wp:featuredmedia":[{"embeddable":true,"href":"https:\/\/bobtoolbox.fr\/es\/wp-json\/wp\/v2\/media\/9264846"}],"wp:attachment":[{"href":"https:\/\/bobtoolbox.fr\/es\/wp-json\/wp\/v2\/media?parent=9264845"}],"wp:term":[{"taxonomy":"product_brand","embeddable":true,"href":"https:\/\/bobtoolbox.fr\/es\/wp-json\/wp\/v2\/product_brand?post=9264845"},{"taxonomy":"product_cat","embeddable":true,"href":"https:\/\/bobtoolbox.fr\/es\/wp-json\/wp\/v2\/product_cat?post=9264845"},{"taxonomy":"product_tag","embeddable":true,"href":"https:\/\/bobtoolbox.fr\/es\/wp-json\/wp\/v2\/product_tag?post=9264845"}],"curies":[{"name":"wp","href":"https:\/\/api.w.org\/{rel}","templated":true}]}}