{"id":9265005,"date":"2019-12-19T22:34:28","date_gmt":"2019-12-19T21:34:28","guid":{"rendered":"https:\/\/bobtoolbox.fr\/produit\/godets-noire\/"},"modified":"2025-11-19T16:01:51","modified_gmt":"2025-11-19T15:01:51","slug":"godets-noire","status":"publish","type":"product","link":"https:\/\/bobtoolbox.fr\/es\/product\/godets-noire\/","title":{"rendered":"JUPE GODETS NOIRE FEMME"},"content":{"rendered":"<p>Une jupe noire fluide relev\u00e9e par un ruban bleu, \u00e0 la fois pratique, \u00e9l\u00e9gante et confortable. Sa forme \u00e0 godets s&rsquo;ouvre en descendant vers les genoux lui donnant un air gracieux et ample. Taille haute se posant sur les hanches, ferm\u00e9e par une fermeture \u00e9clair, forme \u00e0 godets, enti\u00e8rement doubl\u00e9e. Longueur: 70cm, couvrant le genoux.<\/p>","protected":false},"excerpt":{"rendered":"<p>Une jupe noire fluide relev\u00e9e par un ruban bleu, \u00e0 la fois pratique, \u00e9l\u00e9gante et confortable. Sa forme \u00e0 godets s&rsquo;ouvre en descendant vers les genoux lui donnant un air gracieux et ample. Taille haute se posant sur les hanches, ferm\u00e9e par une fermeture \u00e9clair, forme \u00e0 godets, enti\u00e8rement doubl\u00e9e. Longueur: 70cm, couvrant le genoux.<\/p>","protected":false},"featured_media":9265006,"comment_status":"open","ping_status":"open","template":"","meta":{"_acf_changed":false,"_seopress_robots_primary_cat":"","_seopress_titles_title":"","_seopress_titles_desc":"","_seopress_robots_index":"","_gspb_post_css":"","_glsr_average":0,"_glsr_ranking":0,"_glsr_reviews":0},"product_brand":[],"product_cat":[257,249],"product_tag":[],"class_list":{"0":"post-9265005","1":"product","2":"type-product","3":"status-publish","4":"has-post-thumbnail","6":"product_cat-jupe-robe","7":"product_cat-promo","8":"pa_les-couleurs-noir","9":"pa_votre-taille-fr-30","10":"pa_votre-taille-fr-133","11":"pa_votre-taille-fr-31","12":"pa_votre-taille-fr-134","13":"pa_votre-taille-fr-44","15":"first","16":"instock","17":"sale","18":"taxable","19":"shipping-taxable","20":"purchasable","21":"product-type-variable"},"acf":[],"_links":{"self":[{"href":"https:\/\/bobtoolbox.fr\/es\/wp-json\/wp\/v2\/product\/9265005","targetHints":{"allow":["GET"]}}],"collection":[{"href":"https:\/\/bobtoolbox.fr\/es\/wp-json\/wp\/v2\/product"}],"about":[{"href":"https:\/\/bobtoolbox.fr\/es\/wp-json\/wp\/v2\/types\/product"}],"replies":[{"embeddable":true,"href":"https:\/\/bobtoolbox.fr\/es\/wp-json\/wp\/v2\/comments?post=9265005"}],"wp:featuredmedia":[{"embeddable":true,"href":"https:\/\/bobtoolbox.fr\/es\/wp-json\/wp\/v2\/media\/9265006"}],"wp:attachment":[{"href":"https:\/\/bobtoolbox.fr\/es\/wp-json\/wp\/v2\/media?parent=9265005"}],"wp:term":[{"taxonomy":"product_brand","embeddable":true,"href":"https:\/\/bobtoolbox.fr\/es\/wp-json\/wp\/v2\/product_brand?post=9265005"},{"taxonomy":"product_cat","embeddable":true,"href":"https:\/\/bobtoolbox.fr\/es\/wp-json\/wp\/v2\/product_cat?post=9265005"},{"taxonomy":"product_tag","embeddable":true,"href":"https:\/\/bobtoolbox.fr\/es\/wp-json\/wp\/v2\/product_tag?post=9265005"}],"curies":[{"name":"wp","href":"https:\/\/api.w.org\/{rel}","templated":true}]}}