{"id":9265012,"date":"2019-12-19T23:02:01","date_gmt":"2019-12-19T22:02:01","guid":{"rendered":"https:\/\/bobtoolbox.fr\/produit\/knickers-de-cerf\/"},"modified":"2025-12-11T16:30:38","modified_gmt":"2025-12-11T15:30:38","slug":"knickers-de-cerf","status":"publish","type":"product","link":"https:\/\/bobtoolbox.fr\/es\/product\/knickers-de-cerf\/","title":{"rendered":"KNICKERS DE CERF FEMME &#8211; KLUBER"},"content":{"rendered":"","protected":false},"excerpt":{"rendered":"<p>Le Knickers de cerf, une seconde peau&#8230; Un knickers de chasse et pourquoi pas pour un d\u00eener en ville port\u00e9 sur des stilettos, vous serez toujours la plus confortablement \u00e9l\u00e9gante. Une perle rare, fabriqu\u00e9 par Kluber, un artisan de Bavi\u00e8re qui a, malheureusement, ferm\u00e9 ses portes.<\/p>","protected":false},"featured_media":825,"comment_status":"open","ping_status":"closed","template":"","meta":{"_acf_changed":false,"_seopress_robots_primary_cat":"none","_seopress_titles_title":"","_seopress_titles_desc":"","_seopress_robots_index":"","_gspb_post_css":"","_glsr_average":0,"_glsr_ranking":0,"_glsr_reviews":0},"product_brand":[],"product_cat":[258,249],"product_tag":[],"class_list":{"0":"post-9265012","1":"product","2":"type-product","3":"status-publish","4":"has-post-thumbnail","6":"product_cat-le-knickers-femme","7":"product_cat-promo","8":"pa_votre-taille-fr-page","9":"pa_votre-taille-fr-137","10":"pa_votre-taille-fr-24","11":"pa_votre-taille-fr-44","13":"first","14":"instock","15":"sale","16":"taxable","17":"shipping-taxable","18":"purchasable","19":"product-type-variable"},"acf":[],"_links":{"self":[{"href":"https:\/\/bobtoolbox.fr\/es\/wp-json\/wp\/v2\/product\/9265012","targetHints":{"allow":["GET"]}}],"collection":[{"href":"https:\/\/bobtoolbox.fr\/es\/wp-json\/wp\/v2\/product"}],"about":[{"href":"https:\/\/bobtoolbox.fr\/es\/wp-json\/wp\/v2\/types\/product"}],"replies":[{"embeddable":true,"href":"https:\/\/bobtoolbox.fr\/es\/wp-json\/wp\/v2\/comments?post=9265012"}],"wp:featuredmedia":[{"embeddable":true,"href":"https:\/\/bobtoolbox.fr\/es\/wp-json\/wp\/v2\/media\/825"}],"wp:attachment":[{"href":"https:\/\/bobtoolbox.fr\/es\/wp-json\/wp\/v2\/media?parent=9265012"}],"wp:term":[{"taxonomy":"product_brand","embeddable":true,"href":"https:\/\/bobtoolbox.fr\/es\/wp-json\/wp\/v2\/product_brand?post=9265012"},{"taxonomy":"product_cat","embeddable":true,"href":"https:\/\/bobtoolbox.fr\/es\/wp-json\/wp\/v2\/product_cat?post=9265012"},{"taxonomy":"product_tag","embeddable":true,"href":"https:\/\/bobtoolbox.fr\/es\/wp-json\/wp\/v2\/product_tag?post=9265012"}],"curies":[{"name":"wp","href":"https:\/\/api.w.org\/{rel}","templated":true}]}}