{"id":9265333,"date":"2020-09-07T11:15:00","date_gmt":"2020-09-07T09:15:00","guid":{"rendered":"https:\/\/bobtoolbox.fr\/produit\/gilet-sans-manche-xeno-bleu-grasegger\/"},"modified":"2025-11-19T16:00:28","modified_gmt":"2025-11-19T15:00:28","slug":"gilet-sans-manche-xeno-bleu-grasegger","status":"publish","type":"product","link":"https:\/\/bobtoolbox.fr\/es\/product\/gilet-sans-manche-xeno-bleu-grasegger\/","title":{"rendered":"GILET SANS MANCHES CHEVRONS XENO &#8211; GRASEGGER"},"content":{"rendered":"<p><strong>Gilet \u00ab\u00a0Harmonie Contrast\u00e9e\u00a0\u00bb : L&rsquo;\u00c9l\u00e9gance du D\u00e9tail<\/strong><\/p>\n<p style=\"text-align: left;\">Affirmez votre style avec notre gilet sans manches \u00ab\u00a0Harmonie Contrast\u00e9e\u00a0\u00bb, une pi\u00e8ce de tr\u00e8s belle confection qui s\u00e9duit par son jeu subtil de mati\u00e8res et de contrastes, \u00e9tudi\u00e9s avec le plus grand soin. Disponible en <strong>bleu profond<\/strong> ou en <strong>beige intemporel<\/strong>, il est la touche finale parfaite pour une allure distingu\u00e9e.<\/p>","protected":false},"excerpt":{"rendered":"<p><strong>Gilet \u00ab\u00a0Harmonie Contrast\u00e9e\u00a0\u00bb : L&rsquo;\u00c9l\u00e9gance du D\u00e9tail<\/strong><\/p>\n<p style=\"text-align: left;\">Affirmez votre style avec notre gilet sans manches \u00ab\u00a0Harmonie Contrast\u00e9e\u00a0\u00bb, une pi\u00e8ce de tr\u00e8s belle confection qui s\u00e9duit par son jeu subtil de mati\u00e8res et de contrastes, \u00e9tudi\u00e9s avec le plus grand soin. Disponible en <strong>bleu profond<\/strong> ou en <strong>beige intemporel<\/strong>, il est la touche finale parfaite pour une allure distingu\u00e9e.<\/p>","protected":false},"featured_media":9265334,"comment_status":"open","ping_status":"open","template":"","meta":{"_acf_changed":false,"_seopress_robots_primary_cat":"","_seopress_titles_title":"","_seopress_titles_desc":"","_seopress_robots_index":"","_gspb_post_css":"","_glsr_average":0,"_glsr_ranking":0,"_glsr_reviews":0},"product_brand":[],"product_cat":[253],"product_tag":[],"class_list":{"0":"post-9265333","1":"product","2":"type-product","3":"status-publish","4":"has-post-thumbnail","6":"product_cat-le-gilet-sans-manches","7":"pa_les-couleurs-beige","8":"pa_les-couleurs-bleu","9":"pa_votre-taille-fr-29","10":"pa_votre-taille-fr-30","11":"pa_votre-taille-fr-31","12":"pa_votre-taille-fr-25","13":"pa_votre-taille-fr-26","14":"pa_votre-taille-fr-27","15":"pa_votre-taille-fr-28","16":"pa_votre-taille-fr-32","18":"first","19":"instock","20":"taxable","21":"shipping-taxable","22":"purchasable","23":"product-type-variable"},"acf":[],"_links":{"self":[{"href":"https:\/\/bobtoolbox.fr\/es\/wp-json\/wp\/v2\/product\/9265333","targetHints":{"allow":["GET"]}}],"collection":[{"href":"https:\/\/bobtoolbox.fr\/es\/wp-json\/wp\/v2\/product"}],"about":[{"href":"https:\/\/bobtoolbox.fr\/es\/wp-json\/wp\/v2\/types\/product"}],"replies":[{"embeddable":true,"href":"https:\/\/bobtoolbox.fr\/es\/wp-json\/wp\/v2\/comments?post=9265333"}],"wp:featuredmedia":[{"embeddable":true,"href":"https:\/\/bobtoolbox.fr\/es\/wp-json\/wp\/v2\/media\/9265334"}],"wp:attachment":[{"href":"https:\/\/bobtoolbox.fr\/es\/wp-json\/wp\/v2\/media?parent=9265333"}],"wp:term":[{"taxonomy":"product_brand","embeddable":true,"href":"https:\/\/bobtoolbox.fr\/es\/wp-json\/wp\/v2\/product_brand?post=9265333"},{"taxonomy":"product_cat","embeddable":true,"href":"https:\/\/bobtoolbox.fr\/es\/wp-json\/wp\/v2\/product_cat?post=9265333"},{"taxonomy":"product_tag","embeddable":true,"href":"https:\/\/bobtoolbox.fr\/es\/wp-json\/wp\/v2\/product_tag?post=9265333"}],"curies":[{"name":"wp","href":"https:\/\/api.w.org\/{rel}","templated":true}]}}