{"id":9265539,"date":"2024-05-20T15:16:38","date_gmt":"2024-05-20T13:16:38","guid":{"rendered":"https:\/\/bobtoolbox.fr\/produit\/veste-homme-mandi-grun\/"},"modified":"2025-11-19T16:01:15","modified_gmt":"2025-11-19T15:01:15","slug":"veste-homme-mandi-grun","status":"publish","type":"product","link":"https:\/\/bobtoolbox.fr\/es\/product\/veste-homme-mandi-grun\/","title":{"rendered":"VESTE L\u00c9G\u00c8RE \u00c9T\u00c9 MANDI &#8211; GRASEGGER &#8211; Taille 48"},"content":{"rendered":"<p>Veste ultra l\u00e9g\u00e8re pour homme, casual chic. Une veste autrichienne sans doublure qui nous donne des envies d&rsquo;Italie ! On aime son col officier avec retour boutonn\u00e9 et son effet nubuck bronze.<\/p>","protected":false},"excerpt":{"rendered":"<p>Veste ultra l\u00e9g\u00e8re pour homme, casual chic. Une veste autrichienne sans doublure qui nous donne des envies d&rsquo;Italie ! On aime son col officier avec retour boutonn\u00e9 et son effet nubuck bronze.<\/p>","protected":false},"featured_media":9265540,"comment_status":"open","ping_status":"open","template":"","meta":{"_acf_changed":false,"_seopress_robots_primary_cat":"","_seopress_titles_title":"","_seopress_titles_desc":"","_seopress_robots_index":"","_gspb_post_css":"","_glsr_average":0,"_glsr_ranking":0,"_glsr_reviews":0},"product_brand":[],"product_cat":[249],"product_tag":[],"class_list":{"0":"post-9265539","1":"product","2":"type-product","3":"status-publish","4":"has-post-thumbnail","6":"product_cat-promo","7":"pa_votre-taille-fr-25","8":"pa_votre-taille-fr-26","9":"pa_votre-taille-fr-28","11":"first","12":"instock","13":"sale","14":"taxable","15":"shipping-taxable","16":"purchasable","17":"product-type-variable"},"acf":[],"_links":{"self":[{"href":"https:\/\/bobtoolbox.fr\/es\/wp-json\/wp\/v2\/product\/9265539","targetHints":{"allow":["GET"]}}],"collection":[{"href":"https:\/\/bobtoolbox.fr\/es\/wp-json\/wp\/v2\/product"}],"about":[{"href":"https:\/\/bobtoolbox.fr\/es\/wp-json\/wp\/v2\/types\/product"}],"replies":[{"embeddable":true,"href":"https:\/\/bobtoolbox.fr\/es\/wp-json\/wp\/v2\/comments?post=9265539"}],"wp:featuredmedia":[{"embeddable":true,"href":"https:\/\/bobtoolbox.fr\/es\/wp-json\/wp\/v2\/media\/9265540"}],"wp:attachment":[{"href":"https:\/\/bobtoolbox.fr\/es\/wp-json\/wp\/v2\/media?parent=9265539"}],"wp:term":[{"taxonomy":"product_brand","embeddable":true,"href":"https:\/\/bobtoolbox.fr\/es\/wp-json\/wp\/v2\/product_brand?post=9265539"},{"taxonomy":"product_cat","embeddable":true,"href":"https:\/\/bobtoolbox.fr\/es\/wp-json\/wp\/v2\/product_cat?post=9265539"},{"taxonomy":"product_tag","embeddable":true,"href":"https:\/\/bobtoolbox.fr\/es\/wp-json\/wp\/v2\/product_tag?post=9265539"}],"curies":[{"name":"wp","href":"https:\/\/api.w.org\/{rel}","templated":true}]}}