{"id":9265542,"date":"2020-09-21T15:24:00","date_gmt":"2020-09-21T13:24:00","guid":{"rendered":"https:\/\/bobtoolbox.fr\/produit\/veste-enfant-ete\/"},"modified":"2025-11-19T16:01:15","modified_gmt":"2025-11-19T15:01:15","slug":"veste-enfant-ete","status":"publish","type":"product","link":"https:\/\/bobtoolbox.fr\/es\/product\/veste-enfant-ete\/","title":{"rendered":"VESTE AUTRICHIENNE ENFANT \u00c9T\u00c9"},"content":{"rendered":"<p>Raffin\u00e9e, notre petite veste autrichienne prend des couleurs d&rsquo;\u00e9t\u00e9, on la met pour toutes les occasions.<\/p>","protected":false},"excerpt":{"rendered":"<p>Raffin\u00e9e, notre petite veste autrichienne prend des couleurs d&rsquo;\u00e9t\u00e9, on la met pour toutes les occasions.<\/p>","protected":false},"featured_media":9265543,"comment_status":"open","ping_status":"open","template":"","meta":{"_acf_changed":false,"_seopress_robots_primary_cat":"","_seopress_titles_title":"","_seopress_titles_desc":"","_seopress_robots_index":"","_gspb_post_css":"","_glsr_average":0,"_glsr_ranking":0,"_glsr_reviews":0},"product_brand":[],"product_cat":[249],"product_tag":[],"class_list":{"0":"post-9265542","1":"product","2":"type-product","3":"status-publish","4":"has-post-thumbnail","6":"product_cat-promo","7":"pa_les-couleurs-bleu","8":"pa_les-couleurs-rouge","9":"pa_votre-taille-fr-43","10":"pa_votre-taille-fr-34","11":"pa_votre-taille-fr-35","12":"pa_votre-taille-fr-36","13":"pa_votre-taille-fr-37","14":"pa_votre-taille-fr-39","16":"first","17":"instock","18":"taxable","19":"shipping-taxable","20":"purchasable","21":"product-type-variable"},"acf":[],"_links":{"self":[{"href":"https:\/\/bobtoolbox.fr\/es\/wp-json\/wp\/v2\/product\/9265542","targetHints":{"allow":["GET"]}}],"collection":[{"href":"https:\/\/bobtoolbox.fr\/es\/wp-json\/wp\/v2\/product"}],"about":[{"href":"https:\/\/bobtoolbox.fr\/es\/wp-json\/wp\/v2\/types\/product"}],"replies":[{"embeddable":true,"href":"https:\/\/bobtoolbox.fr\/es\/wp-json\/wp\/v2\/comments?post=9265542"}],"wp:featuredmedia":[{"embeddable":true,"href":"https:\/\/bobtoolbox.fr\/es\/wp-json\/wp\/v2\/media\/9265543"}],"wp:attachment":[{"href":"https:\/\/bobtoolbox.fr\/es\/wp-json\/wp\/v2\/media?parent=9265542"}],"wp:term":[{"taxonomy":"product_brand","embeddable":true,"href":"https:\/\/bobtoolbox.fr\/es\/wp-json\/wp\/v2\/product_brand?post=9265542"},{"taxonomy":"product_cat","embeddable":true,"href":"https:\/\/bobtoolbox.fr\/es\/wp-json\/wp\/v2\/product_cat?post=9265542"},{"taxonomy":"product_tag","embeddable":true,"href":"https:\/\/bobtoolbox.fr\/es\/wp-json\/wp\/v2\/product_tag?post=9265542"}],"curies":[{"name":"wp","href":"https:\/\/api.w.org\/{rel}","templated":true}]}}