{"id":9265561,"date":"2020-09-22T13:27:39","date_gmt":"2020-09-22T11:27:39","guid":{"rendered":"https:\/\/bobtoolbox.fr\/produit\/gant-autrichien-rouge-a-broderie\/"},"modified":"2025-11-19T16:01:22","modified_gmt":"2025-11-19T15:01:22","slug":"gant-autrichien-rouge-a-broderie","status":"publish","type":"product","link":"https:\/\/bobtoolbox.fr\/es\/product\/gant-autrichien-rouge-a-broderie\/","title":{"rendered":"GANT AUTRICHIEN ROUGE A BRODERIE"},"content":{"rendered":"<p>Un beau rouge pour notre inimitable gant autrichien qui se part d&rsquo;une jolie broderie fait main et gardera les v\u00f4tres au chaud durant l&rsquo;hiver. Voil\u00e0 aussi une id\u00e9e de cadeau bien utile et agr\u00e9able \u00e0 offrir.<\/p>","protected":false},"excerpt":{"rendered":"<p>Un beau rouge pour notre inimitable gant autrichien qui se part d&rsquo;une jolie broderie fait main et gardera les v\u00f4tres au chaud durant l&rsquo;hiver. Voil\u00e0 aussi une id\u00e9e de cadeau bien utile et agr\u00e9able \u00e0 offrir.<\/p>","protected":false},"featured_media":9265562,"comment_status":"open","ping_status":"open","template":"","meta":{"_acf_changed":false,"_seopress_robots_primary_cat":"","_seopress_titles_title":"","_seopress_titles_desc":"","_seopress_robots_index":"","_gspb_post_css":"","_glsr_average":0,"_glsr_ranking":0,"_glsr_reviews":0},"product_brand":[],"product_cat":[268,249],"product_tag":[],"class_list":{"0":"post-9265561","1":"product","2":"type-product","3":"status-publish","4":"has-post-thumbnail","6":"product_cat-le-gant-de-laine","7":"product_cat-promo","9":"first","10":"instock","11":"sale","12":"taxable","13":"shipping-taxable","14":"purchasable","15":"product-type-variable"},"acf":[],"_links":{"self":[{"href":"https:\/\/bobtoolbox.fr\/es\/wp-json\/wp\/v2\/product\/9265561","targetHints":{"allow":["GET"]}}],"collection":[{"href":"https:\/\/bobtoolbox.fr\/es\/wp-json\/wp\/v2\/product"}],"about":[{"href":"https:\/\/bobtoolbox.fr\/es\/wp-json\/wp\/v2\/types\/product"}],"replies":[{"embeddable":true,"href":"https:\/\/bobtoolbox.fr\/es\/wp-json\/wp\/v2\/comments?post=9265561"}],"wp:featuredmedia":[{"embeddable":true,"href":"https:\/\/bobtoolbox.fr\/es\/wp-json\/wp\/v2\/media\/9265562"}],"wp:attachment":[{"href":"https:\/\/bobtoolbox.fr\/es\/wp-json\/wp\/v2\/media?parent=9265561"}],"wp:term":[{"taxonomy":"product_brand","embeddable":true,"href":"https:\/\/bobtoolbox.fr\/es\/wp-json\/wp\/v2\/product_brand?post=9265561"},{"taxonomy":"product_cat","embeddable":true,"href":"https:\/\/bobtoolbox.fr\/es\/wp-json\/wp\/v2\/product_cat?post=9265561"},{"taxonomy":"product_tag","embeddable":true,"href":"https:\/\/bobtoolbox.fr\/es\/wp-json\/wp\/v2\/product_tag?post=9265561"}],"curies":[{"name":"wp","href":"https:\/\/api.w.org\/{rel}","templated":true}]}}