{"id":9265597,"date":"2020-09-26T17:01:12","date_gmt":"2020-09-26T15:01:12","guid":{"rendered":"https:\/\/bobtoolbox.fr\/produit\/gilet-sans-manche-widau-steinbock\/"},"modified":"2025-11-19T16:01:29","modified_gmt":"2025-11-19T15:01:29","slug":"gilet-sans-manche-widau-steinbock","status":"publish","type":"product","link":"https:\/\/bobtoolbox.fr\/es\/product\/gilet-sans-manche-widau-steinbock\/","title":{"rendered":"GILET SANS MANCHES LIEZEN &#8211; STEINBOCK &#8211; TAILLE 60"},"content":{"rendered":"<p><strong>Gilet Sans Manches Liezen : L&rsquo;\u00c9l\u00e9gance Qui Se Suffit \u00e0 Elle-M\u00eame<\/strong><\/p>\n<p style=\"text-align: left;\">D\u00e9couvrez notre gilet sans manchess Liezen , une pi\u00e8ce embl\u00e9matique dont la seule \u00e9l\u00e9gance suffit \u00e0 sublimer votre tenue. Avec ses lignes pures et sa conception raffin\u00e9e, ce gilet autrichien est con\u00e7u pour \u00eatre port\u00e9 aussi bien seul, affirmant un style distinctif, qu&rsquo;en touche finale sous une veste.<\/p>","protected":false},"excerpt":{"rendered":"<p><strong>Gilet Sans Manches Liezen : L&rsquo;\u00c9l\u00e9gance Qui Se Suffit \u00e0 Elle-M\u00eame<\/strong><\/p>\n<p style=\"text-align: left;\">D\u00e9couvrez notre gilet sans manchess Liezen , une pi\u00e8ce embl\u00e9matique dont la seule \u00e9l\u00e9gance suffit \u00e0 sublimer votre tenue. Avec ses lignes pures et sa conception raffin\u00e9e, ce gilet autrichien est con\u00e7u pour \u00eatre port\u00e9 aussi bien seul, affirmant un style distinctif, qu&rsquo;en touche finale sous une veste.<\/p>","protected":false},"featured_media":9265598,"comment_status":"open","ping_status":"open","template":"","meta":{"_acf_changed":false,"_seopress_robots_primary_cat":"","_seopress_titles_title":"","_seopress_titles_desc":"","_seopress_robots_index":"","_gspb_post_css":"","_glsr_average":0,"_glsr_ranking":0,"_glsr_reviews":0},"product_brand":[],"product_cat":[253],"product_tag":[],"class_list":{"0":"post-9265597","1":"product","2":"type-product","3":"status-publish","4":"has-post-thumbnail","6":"product_cat-le-gilet-sans-manches","7":"pa_les-couleurs-marine","8":"pa_les-couleurs-marron","9":"pa_votre-taille-fr-29","10":"pa_votre-taille-fr-30","11":"pa_votre-taille-fr-31","12":"pa_votre-taille-fr-24","13":"pa_votre-taille-fr-25","14":"pa_votre-taille-fr-26","15":"pa_votre-taille-fr-27","16":"pa_votre-taille-fr-28","17":"pa_votre-taille-fr-32","18":"pa_votre-taille-fr-33","20":"first","21":"instock","22":"taxable","23":"shipping-taxable","24":"purchasable","25":"product-type-variable"},"acf":[],"_links":{"self":[{"href":"https:\/\/bobtoolbox.fr\/es\/wp-json\/wp\/v2\/product\/9265597","targetHints":{"allow":["GET"]}}],"collection":[{"href":"https:\/\/bobtoolbox.fr\/es\/wp-json\/wp\/v2\/product"}],"about":[{"href":"https:\/\/bobtoolbox.fr\/es\/wp-json\/wp\/v2\/types\/product"}],"replies":[{"embeddable":true,"href":"https:\/\/bobtoolbox.fr\/es\/wp-json\/wp\/v2\/comments?post=9265597"}],"wp:featuredmedia":[{"embeddable":true,"href":"https:\/\/bobtoolbox.fr\/es\/wp-json\/wp\/v2\/media\/9265598"}],"wp:attachment":[{"href":"https:\/\/bobtoolbox.fr\/es\/wp-json\/wp\/v2\/media?parent=9265597"}],"wp:term":[{"taxonomy":"product_brand","embeddable":true,"href":"https:\/\/bobtoolbox.fr\/es\/wp-json\/wp\/v2\/product_brand?post=9265597"},{"taxonomy":"product_cat","embeddable":true,"href":"https:\/\/bobtoolbox.fr\/es\/wp-json\/wp\/v2\/product_cat?post=9265597"},{"taxonomy":"product_tag","embeddable":true,"href":"https:\/\/bobtoolbox.fr\/es\/wp-json\/wp\/v2\/product_tag?post=9265597"}],"curies":[{"name":"wp","href":"https:\/\/api.w.org\/{rel}","templated":true}]}}