{"id":9266044,"date":"2023-09-14T10:22:58","date_gmt":"2023-09-14T08:22:58","guid":{"rendered":"https:\/\/bobtoolbox.fr\/produit\/gilet-sans-manche-bleu-hemerich-steinbock\/"},"modified":"2025-12-11T15:20:26","modified_gmt":"2025-12-11T14:20:26","slug":"gilet-sans-manche-bleu-hemerich-steinbock","status":"publish","type":"product","link":"https:\/\/bobtoolbox.fr\/es\/product\/gilet-sans-manche-bleu-hemerich-steinbock\/","title":{"rendered":"GILET SANS MANCHES BLEU EMERICH &#8211; STEINBOCK"},"content":{"rendered":"","protected":false},"excerpt":{"rendered":"<p><strong>Gilet \u00ab\u00a0Emerich\u00a0\u00bb : L&rsquo;\u00c9l\u00e9gance Polyvalente du Bleu de G\u00eanes<\/strong><\/p>\n<p style=\"text-align: left;\">D\u00e9couvrez le gilet sans manches \u00ab\u00a0Emerich\u00a0\u00bb, une pi\u00e8ce d&rsquo;une \u00e9l\u00e9gance incontestable qui apporte une touche raffin\u00e9e \u00e0 toute garde-robe masculine. Son bleu de G\u00eanes profond et ses d\u00e9tails soign\u00e9s en font un alli\u00e9 parfait, assorti id\u00e9alement \u00e0 la veste Gamlitz pour une tenue harmonieuse. Gr\u00e2ce \u00e0 son dos confectionn\u00e9 dans le m\u00eame tissu que le plastron, ce gilet autrichien se suffit \u00e0 lui-m\u00eame, vous permettant de laisser tomber la veste avec une \u00e9l\u00e9gance d\u00e9contract\u00e9e.<\/p>","protected":false},"featured_media":9266045,"comment_status":"open","ping_status":"closed","template":"","meta":{"_acf_changed":false,"_seopress_robots_primary_cat":"none","_seopress_titles_title":"","_seopress_titles_desc":"","_seopress_robots_index":"","_gspb_post_css":"","_glsr_average":0,"_glsr_ranking":0,"_glsr_reviews":0},"product_brand":[],"product_cat":[277,253],"product_tag":[],"class_list":{"0":"post-9266044","1":"product","2":"type-product","3":"status-publish","4":"has-post-thumbnail","6":"product_cat-homme","7":"product_cat-le-gilet-sans-manches","8":"pa_votre-taille-fr-29","9":"pa_votre-taille-fr-24","10":"pa_votre-taille-fr-25","11":"pa_votre-taille-fr-28","13":"first","14":"instock","15":"sale","16":"taxable","17":"shipping-taxable","18":"purchasable","19":"product-type-variable"},"acf":[],"_links":{"self":[{"href":"https:\/\/bobtoolbox.fr\/es\/wp-json\/wp\/v2\/product\/9266044","targetHints":{"allow":["GET"]}}],"collection":[{"href":"https:\/\/bobtoolbox.fr\/es\/wp-json\/wp\/v2\/product"}],"about":[{"href":"https:\/\/bobtoolbox.fr\/es\/wp-json\/wp\/v2\/types\/product"}],"replies":[{"embeddable":true,"href":"https:\/\/bobtoolbox.fr\/es\/wp-json\/wp\/v2\/comments?post=9266044"}],"wp:featuredmedia":[{"embeddable":true,"href":"https:\/\/bobtoolbox.fr\/es\/wp-json\/wp\/v2\/media\/9266045"}],"wp:attachment":[{"href":"https:\/\/bobtoolbox.fr\/es\/wp-json\/wp\/v2\/media?parent=9266044"}],"wp:term":[{"taxonomy":"product_brand","embeddable":true,"href":"https:\/\/bobtoolbox.fr\/es\/wp-json\/wp\/v2\/product_brand?post=9266044"},{"taxonomy":"product_cat","embeddable":true,"href":"https:\/\/bobtoolbox.fr\/es\/wp-json\/wp\/v2\/product_cat?post=9266044"},{"taxonomy":"product_tag","embeddable":true,"href":"https:\/\/bobtoolbox.fr\/es\/wp-json\/wp\/v2\/product_tag?post=9266044"}],"curies":[{"name":"wp","href":"https:\/\/api.w.org\/{rel}","templated":true}]}}