{"id":9266328,"date":"2024-10-09T09:24:37","date_gmt":"2024-10-09T07:24:37","guid":{"rendered":"https:\/\/bobtoolbox.fr\/produit\/veste-tweed-molletonnee-steinbock\/"},"modified":"2025-11-19T16:04:35","modified_gmt":"2025-11-19T15:04:35","slug":"veste-tweed-molletonnee-steinbock","status":"publish","type":"product","link":"https:\/\/bobtoolbox.fr\/es\/product\/veste-tweed-molletonnee-steinbock\/","title":{"rendered":"VESTE TWEED MATELASS\u00c9E &#8211; STEINBOCK"},"content":{"rendered":"<p>D\u00e9couvrez le blouson en tweed matelass\u00e9, une pi\u00e8ce d&rsquo;exception de la maison Steinbock qui marie avec brio <strong>le charme du tweed et une conception moderne<\/strong>.<\/p>\n<p style=\"text-align: left;\">Ce blouson est con\u00e7u pour l&rsquo;homme qui recherche \u00e0 la fois l&rsquo;\u00e9l\u00e9gance, le confort et une qualit\u00e9 irr\u00e9prochable.<\/p>\n<p style=\"text-align: left;\">C&rsquo;est une valeur s\u00fbre qui vous accompagnera avec style lors de toutes vos sorties.<\/p>","protected":false},"excerpt":{"rendered":"<p>D\u00e9couvrez le blouson en tweed matelass\u00e9, une pi\u00e8ce d&rsquo;exception de la maison Steinbock qui marie avec brio <strong>le charme du tweed et une conception moderne<\/strong>.<\/p>\n<p style=\"text-align: left;\">Ce blouson est con\u00e7u pour l&rsquo;homme qui recherche \u00e0 la fois l&rsquo;\u00e9l\u00e9gance, le confort et une qualit\u00e9 irr\u00e9prochable.<\/p>\n<p style=\"text-align: left;\">C&rsquo;est une valeur s\u00fbre qui vous accompagnera avec style lors de toutes vos sorties.<\/p>","protected":false},"featured_media":9266329,"comment_status":"open","ping_status":"open","template":"","meta":{"_acf_changed":false,"_seopress_robots_primary_cat":"","_seopress_titles_title":"","_seopress_titles_desc":"","_seopress_robots_index":"","_gspb_post_css":"","_glsr_average":0,"_glsr_ranking":0,"_glsr_reviews":0},"product_brand":[],"product_cat":[254],"product_tag":[],"class_list":{"0":"post-9266328","1":"product","2":"type-product","3":"status-publish","4":"has-post-thumbnail","6":"product_cat-outdoor-homme","7":"pa_marque-steinbock","8":"pa_votre-taille-fr-29","9":"pa_votre-taille-fr-30","10":"pa_votre-taille-fr-24","11":"pa_votre-taille-fr-25","12":"pa_votre-taille-fr-26","13":"pa_votre-taille-fr-27","14":"pa_votre-taille-fr-28","16":"first","17":"instock","18":"taxable","19":"shipping-taxable","20":"purchasable","21":"product-type-variable"},"acf":[],"_links":{"self":[{"href":"https:\/\/bobtoolbox.fr\/es\/wp-json\/wp\/v2\/product\/9266328","targetHints":{"allow":["GET"]}}],"collection":[{"href":"https:\/\/bobtoolbox.fr\/es\/wp-json\/wp\/v2\/product"}],"about":[{"href":"https:\/\/bobtoolbox.fr\/es\/wp-json\/wp\/v2\/types\/product"}],"replies":[{"embeddable":true,"href":"https:\/\/bobtoolbox.fr\/es\/wp-json\/wp\/v2\/comments?post=9266328"}],"wp:featuredmedia":[{"embeddable":true,"href":"https:\/\/bobtoolbox.fr\/es\/wp-json\/wp\/v2\/media\/9266329"}],"wp:attachment":[{"href":"https:\/\/bobtoolbox.fr\/es\/wp-json\/wp\/v2\/media?parent=9266328"}],"wp:term":[{"taxonomy":"product_brand","embeddable":true,"href":"https:\/\/bobtoolbox.fr\/es\/wp-json\/wp\/v2\/product_brand?post=9266328"},{"taxonomy":"product_cat","embeddable":true,"href":"https:\/\/bobtoolbox.fr\/es\/wp-json\/wp\/v2\/product_cat?post=9266328"},{"taxonomy":"product_tag","embeddable":true,"href":"https:\/\/bobtoolbox.fr\/es\/wp-json\/wp\/v2\/product_tag?post=9266328"}],"curies":[{"name":"wp","href":"https:\/\/api.w.org\/{rel}","templated":true}]}}