{"id":9265022,"date":"2020-01-04T11:42:51","date_gmt":"2020-01-04T10:42:51","guid":{"rendered":"https:\/\/bobtoolbox.fr\/produit\/tobsy-rouge\/"},"modified":"2025-11-19T15:59:03","modified_gmt":"2025-11-19T14:59:03","slug":"tobsy-rouge","status":"publish","type":"product","link":"https:\/\/bobtoolbox.fr\/it\/product\/tobsy-rouge\/","title":{"rendered":"VESTE LAINE BOUILLIE TOBSY ENFANT"},"content":{"rendered":"<p>Une finition comme l&rsquo;on aime pour cette adorable petite veste en laine bouillie rouge \u00e0 bords contrastants gris perle, comme un ruban de passementerie, qui habillera aussi bien Monsieur que Mademoiselle. Aujourd&rsquo;hui, la laine foul\u00e9e est douce, l\u00e9g\u00e8re et ne gratte plus comme autrefois !<\/p>","protected":false},"excerpt":{"rendered":"<p>Une finition comme l&rsquo;on aime pour cette adorable petite veste en laine bouillie rouge \u00e0 bords contrastants gris perle, comme un ruban de passementerie, qui habillera aussi bien Monsieur que Mademoiselle. Aujourd&rsquo;hui, la laine foul\u00e9e est douce, l\u00e9g\u00e8re et ne gratte plus comme autrefois !<\/p>","protected":false},"featured_media":9265023,"comment_status":"open","ping_status":"open","template":"","meta":{"_acf_changed":false,"_seopress_robots_primary_cat":"","_seopress_titles_title":"","_seopress_titles_desc":"","_seopress_robots_index":"","_gspb_post_css":"","_glsr_average":0,"_glsr_ranking":0,"_glsr_reviews":0},"product_brand":[],"product_cat":[260,249],"product_tag":[],"class_list":{"0":"post-9265022","1":"product","2":"type-product","3":"status-publish","4":"has-post-thumbnail","6":"product_cat-la-veste-autrichienne-enfant","7":"product_cat-promo","8":"pa_les-couleurs-rouge","9":"pa_marque-moser","10":"pa_votre-taille-fr-41","11":"pa_votre-taille-fr-43","12":"pa_votre-taille-fr-34","13":"pa_votre-taille-fr-35","14":"pa_votre-taille-fr-36","15":"pa_votre-taille-fr-37","16":"pa_votre-taille-fr-38","17":"pa_votre-taille-fr-40","19":"first","20":"instock","21":"sale","22":"taxable","23":"shipping-taxable","24":"purchasable","25":"product-type-variable"},"acf":[],"_links":{"self":[{"href":"https:\/\/bobtoolbox.fr\/it\/wp-json\/wp\/v2\/product\/9265022","targetHints":{"allow":["GET"]}}],"collection":[{"href":"https:\/\/bobtoolbox.fr\/it\/wp-json\/wp\/v2\/product"}],"about":[{"href":"https:\/\/bobtoolbox.fr\/it\/wp-json\/wp\/v2\/types\/product"}],"replies":[{"embeddable":true,"href":"https:\/\/bobtoolbox.fr\/it\/wp-json\/wp\/v2\/comments?post=9265022"}],"wp:featuredmedia":[{"embeddable":true,"href":"https:\/\/bobtoolbox.fr\/it\/wp-json\/wp\/v2\/media\/9265023"}],"wp:attachment":[{"href":"https:\/\/bobtoolbox.fr\/it\/wp-json\/wp\/v2\/media?parent=9265022"}],"wp:term":[{"taxonomy":"product_brand","embeddable":true,"href":"https:\/\/bobtoolbox.fr\/it\/wp-json\/wp\/v2\/product_brand?post=9265022"},{"taxonomy":"product_cat","embeddable":true,"href":"https:\/\/bobtoolbox.fr\/it\/wp-json\/wp\/v2\/product_cat?post=9265022"},{"taxonomy":"product_tag","embeddable":true,"href":"https:\/\/bobtoolbox.fr\/it\/wp-json\/wp\/v2\/product_tag?post=9265022"}],"curies":[{"name":"wp","href":"https:\/\/api.w.org\/{rel}","templated":true}]}}