{"id":9265221,"date":"2024-02-13T10:00:02","date_gmt":"2024-02-13T09:00:02","guid":{"rendered":"https:\/\/bobtoolbox.fr\/produit\/veste-tweed-ete-riccardo-steinbock\/"},"modified":"2025-12-12T12:53:13","modified_gmt":"2025-12-12T11:53:13","slug":"veste-tweed-ete-riccardo-steinbock","status":"publish","type":"product","link":"https:\/\/bobtoolbox.fr\/it\/product\/veste-tweed-ete-riccardo-steinbock\/","title":{"rendered":"VESTE SOIE RICCARDO &#8211; STEINBOCK  &#8211; Taille 46, 56, 58, 62"},"content":{"rendered":"<p>Aucune h\u00e9sitation pour cette superbe veste raffin\u00e9e en \u00ab\u00a0tweed\u00a0\u00bb de soie, l\u00e9ger et doux. Un tomb\u00e9 toujours aussi impeccable pour notre Riccardo qui se donne ici une allure folle et une folle \u00e9l\u00e9gance, une valeur s\u00fbre !<\/p>","protected":false},"excerpt":{"rendered":"<p>Aucune h\u00e9sitation pour cette superbe veste raffin\u00e9e en \u00ab\u00a0tweed\u00a0\u00bb de soie, l\u00e9ger et doux. Un tomb\u00e9 toujours aussi impeccable pour notre Riccardo qui se donne ici une allure folle et une folle \u00e9l\u00e9gance, une valeur s\u00fbre !<\/p>","protected":false},"featured_media":9265222,"comment_status":"open","ping_status":"closed","template":"","meta":{"_acf_changed":false,"_seopress_robots_primary_cat":"none","_seopress_titles_title":"","_seopress_titles_desc":"","_seopress_robots_index":"","_gspb_post_css":"","_glsr_average":0,"_glsr_ranking":0,"_glsr_reviews":0},"product_brand":[],"product_cat":[252],"product_tag":[],"class_list":{"0":"post-9265221","1":"product","2":"type-product","3":"status-publish","4":"has-post-thumbnail","6":"product_cat-la-veste-homme","7":"pa_les-couleurs-beige","8":"pa_votre-taille-fr-24","9":"pa_votre-taille-fr-26","10":"pa_votre-taille-fr-27","11":"pa_votre-taille-fr-28","12":"pa_votre-taille-fr-56-2","13":"pa_votre-taille-fr-58-2","14":"pa_votre-taille-fr-60-2","15":"pa_votre-taille-fr-32","16":"pa_votre-taille-fr-33","18":"first","19":"instock","20":"taxable","21":"shipping-taxable","22":"purchasable","23":"product-type-variable"},"acf":[],"_links":{"self":[{"href":"https:\/\/bobtoolbox.fr\/it\/wp-json\/wp\/v2\/product\/9265221","targetHints":{"allow":["GET"]}}],"collection":[{"href":"https:\/\/bobtoolbox.fr\/it\/wp-json\/wp\/v2\/product"}],"about":[{"href":"https:\/\/bobtoolbox.fr\/it\/wp-json\/wp\/v2\/types\/product"}],"replies":[{"embeddable":true,"href":"https:\/\/bobtoolbox.fr\/it\/wp-json\/wp\/v2\/comments?post=9265221"}],"wp:featuredmedia":[{"embeddable":true,"href":"https:\/\/bobtoolbox.fr\/it\/wp-json\/wp\/v2\/media\/9265222"}],"wp:attachment":[{"href":"https:\/\/bobtoolbox.fr\/it\/wp-json\/wp\/v2\/media?parent=9265221"}],"wp:term":[{"taxonomy":"product_brand","embeddable":true,"href":"https:\/\/bobtoolbox.fr\/it\/wp-json\/wp\/v2\/product_brand?post=9265221"},{"taxonomy":"product_cat","embeddable":true,"href":"https:\/\/bobtoolbox.fr\/it\/wp-json\/wp\/v2\/product_cat?post=9265221"},{"taxonomy":"product_tag","embeddable":true,"href":"https:\/\/bobtoolbox.fr\/it\/wp-json\/wp\/v2\/product_tag?post=9265221"}],"curies":[{"name":"wp","href":"https:\/\/api.w.org\/{rel}","templated":true}]}}