{"id":9265359,"date":"2020-09-08T10:07:50","date_gmt":"2020-09-08T08:07:50","guid":{"rendered":"https:\/\/bobtoolbox.fr\/produit\/gilet-sans-manche-steigl-grasegger\/"},"modified":"2025-11-19T16:00:35","modified_gmt":"2025-11-19T15:00:35","slug":"gilet-sans-manche-steigl-grasegger","status":"publish","type":"product","link":"https:\/\/bobtoolbox.fr\/it\/product\/gilet-sans-manche-steigl-grasegger\/","title":{"rendered":"GILET SANS MANCHES STEIGL &#8211; GRASEGGER"},"content":{"rendered":"<p><strong>Gilet Sans Manches \u00ab\u00a0Stiegl\u00a0\u00bb : L&rsquo;Art du D\u00e9tail et de l&rsquo;\u00c9l\u00e9gance<\/strong><br \/>\nAffirmez votre style avec le gilet sans manchess \u00ab\u00a0Chromatic Chic\u00a0\u00bb, une pi\u00e8ce d&rsquo;une \u00e9l\u00e9gance assur\u00e9e, dont la coupe impeccable et les d\u00e9tails color\u00e9s chics en font un v\u00e9ritable atout. Son allure est si soign\u00e9e, tant de face que de dos, qu&rsquo;il vous permettra m\u00eame de laisser tomber la veste avec une d\u00e9sinvolture pleine de panache !<\/p>\n<p style=\"text-align: left;\"><strong>Deux Nuances de Velours Distinctives pour R\u00e9v\u00e9ler Votre Style :<\/strong><\/p>\n<ul>\n<li style=\"text-align: left;\"><strong>Bleu Canard :<\/strong> Profond et audacieux, pour une touche de caract\u00e8re.<\/li>\n<li style=\"text-align: left;\"><strong>Parme D\u00e9licat :<\/strong> Tendre et raffin\u00e9, pour une \u00e9l\u00e9gance douce.<br \/>","protected":false},"excerpt":{"rendered":"<p><strong>Gilet Sans Manches \u00ab\u00a0Stiegl\u00a0\u00bb : L&rsquo;Art du D\u00e9tail et de l&rsquo;\u00c9l\u00e9gance<\/strong><br \/>\nAffirmez votre style avec le gilet sans manchess \u00ab\u00a0Chromatic Chic\u00a0\u00bb, une pi\u00e8ce d&rsquo;une \u00e9l\u00e9gance assur\u00e9e, dont la coupe impeccable et les d\u00e9tails color\u00e9s chics en font un v\u00e9ritable atout. Son allure est si soign\u00e9e, tant de face que de dos, qu&rsquo;il vous permettra m\u00eame de laisser tomber la veste avec une d\u00e9sinvolture pleine de panache !<\/p>\n<p style=\"text-align: left;\"><strong>Deux Nuances de Velours Distinctives pour R\u00e9v\u00e9ler Votre Style :<\/strong><\/p>\n<ul>\n<li style=\"text-align: left;\"><strong>Bleu Canard :<\/strong> Profond et audacieux, pour une touche de caract\u00e8re.<\/li>\n<li style=\"text-align: left;\"><strong>Parme D\u00e9licat :<\/strong> Tendre et raffin\u00e9, pour une \u00e9l\u00e9gance douce.<br \/>","protected":false},"featured_media":9265360,"comment_status":"open","ping_status":"open","template":"","meta":{"_acf_changed":false,"_seopress_robots_primary_cat":"","_seopress_titles_title":"","_seopress_titles_desc":"","_seopress_robots_index":"","_gspb_post_css":"","_glsr_average":0,"_glsr_ranking":0,"_glsr_reviews":0},"product_brand":[],"product_cat":[253],"product_tag":[],"class_list":{"0":"post-9265359","1":"product","2":"type-product","3":"status-publish","4":"has-post-thumbnail","6":"product_cat-le-gilet-sans-manches","7":"pa_les-couleurs-bleu","8":"pa_les-couleurs-gris","9":"pa_les-couleurs-parme","10":"pa_votre-taille-fr-29","11":"pa_votre-taille-fr-30","12":"pa_votre-taille-fr-31","13":"pa_votre-taille-fr-24","14":"pa_votre-taille-fr-25","15":"pa_votre-taille-fr-26","16":"pa_votre-taille-fr-28","17":"pa_votre-taille-fr-32","18":"pa_votre-taille-fr-33","20":"first","21":"instock","22":"taxable","23":"shipping-taxable","24":"purchasable","25":"product-type-variable"},"acf":[],"_links":{"self":[{"href":"https:\/\/bobtoolbox.fr\/it\/wp-json\/wp\/v2\/product\/9265359","targetHints":{"allow":["GET"]}}],"collection":[{"href":"https:\/\/bobtoolbox.fr\/it\/wp-json\/wp\/v2\/product"}],"about":[{"href":"https:\/\/bobtoolbox.fr\/it\/wp-json\/wp\/v2\/types\/product"}],"replies":[{"embeddable":true,"href":"https:\/\/bobtoolbox.fr\/it\/wp-json\/wp\/v2\/comments?post=9265359"}],"wp:featuredmedia":[{"embeddable":true,"href":"https:\/\/bobtoolbox.fr\/it\/wp-json\/wp\/v2\/media\/9265360"}],"wp:attachment":[{"href":"https:\/\/bobtoolbox.fr\/it\/wp-json\/wp\/v2\/media?parent=9265359"}],"wp:term":[{"taxonomy":"product_brand","embeddable":true,"href":"https:\/\/bobtoolbox.fr\/it\/wp-json\/wp\/v2\/product_brand?post=9265359"},{"taxonomy":"product_cat","embeddable":true,"href":"https:\/\/bobtoolbox.fr\/it\/wp-json\/wp\/v2\/product_cat?post=9265359"},{"taxonomy":"product_tag","embeddable":true,"href":"https:\/\/bobtoolbox.fr\/it\/wp-json\/wp\/v2\/product_tag?post=9265359"}],"curies":[{"name":"wp","href":"https:\/\/api.w.org\/{rel}","templated":true}]}}