{"id":9265402,"date":"2021-02-11T07:56:54","date_gmt":"2021-02-11T06:56:54","guid":{"rendered":"https:\/\/bobtoolbox.fr\/produit\/gilet-sans-manche-widau-steinbock-2\/"},"modified":"2025-11-19T16:00:42","modified_gmt":"2025-11-19T15:00:42","slug":"gilet-sans-manche-widau-steinbock-2","status":"publish","type":"product","link":"https:\/\/bobtoolbox.fr\/it\/product\/gilet-sans-manche-widau-steinbock-2\/","title":{"rendered":"GILET SANS MANCHES WIDAU &#8211; STEINBOCK &#8211; Taille 54"},"content":{"rendered":"<p>Un gilet sans manches autrichien aussi bleu sur le devant que le dos qui, par sa seule \u00e9l\u00e9gance, peut se suffire \u00e0 lui-m\u00eame. Que demandez de plus ? Mais sa veste bien s\u00fbr !<\/p>","protected":false},"excerpt":{"rendered":"<p>Un gilet sans manches autrichien aussi bleu sur le devant que le dos qui, par sa seule \u00e9l\u00e9gance, peut se suffire \u00e0 lui-m\u00eame. Que demandez de plus ? Mais sa veste bien s\u00fbr !<\/p>","protected":false},"featured_media":9265403,"comment_status":"open","ping_status":"open","template":"","meta":{"_acf_changed":false,"_seopress_robots_primary_cat":"","_seopress_titles_title":"","_seopress_titles_desc":"","_seopress_robots_index":"","_gspb_post_css":"","_glsr_average":3,"_glsr_ranking":3.4545454545455,"_glsr_reviews":1},"product_brand":[],"product_cat":[253,249],"product_tag":[],"class_list":{"0":"post-9265402","1":"product","2":"type-product","3":"status-publish","4":"has-post-thumbnail","6":"product_cat-le-gilet-sans-manches","7":"product_cat-promo","8":"pa_les-couleurs-bleu","9":"pa_votre-taille-fr-31","10":"pa_votre-taille-fr-25","11":"pa_votre-taille-fr-27","12":"pa_votre-taille-fr-28","14":"first","15":"instock","16":"taxable","17":"shipping-taxable","18":"purchasable","19":"product-type-variable"},"acf":[],"_links":{"self":[{"href":"https:\/\/bobtoolbox.fr\/it\/wp-json\/wp\/v2\/product\/9265402","targetHints":{"allow":["GET"]}}],"collection":[{"href":"https:\/\/bobtoolbox.fr\/it\/wp-json\/wp\/v2\/product"}],"about":[{"href":"https:\/\/bobtoolbox.fr\/it\/wp-json\/wp\/v2\/types\/product"}],"replies":[{"embeddable":true,"href":"https:\/\/bobtoolbox.fr\/it\/wp-json\/wp\/v2\/comments?post=9265402"}],"wp:featuredmedia":[{"embeddable":true,"href":"https:\/\/bobtoolbox.fr\/it\/wp-json\/wp\/v2\/media\/9265403"}],"wp:attachment":[{"href":"https:\/\/bobtoolbox.fr\/it\/wp-json\/wp\/v2\/media?parent=9265402"}],"wp:term":[{"taxonomy":"product_brand","embeddable":true,"href":"https:\/\/bobtoolbox.fr\/it\/wp-json\/wp\/v2\/product_brand?post=9265402"},{"taxonomy":"product_cat","embeddable":true,"href":"https:\/\/bobtoolbox.fr\/it\/wp-json\/wp\/v2\/product_cat?post=9265402"},{"taxonomy":"product_tag","embeddable":true,"href":"https:\/\/bobtoolbox.fr\/it\/wp-json\/wp\/v2\/product_tag?post=9265402"}],"curies":[{"name":"wp","href":"https:\/\/api.w.org\/{rel}","templated":true}]}}