{"id":9265409,"date":"2020-09-23T13:21:40","date_gmt":"2020-09-23T11:21:40","guid":{"rendered":"https:\/\/bobtoolbox.fr\/produit\/short-ou-culotte-de-peau-marine\/"},"modified":"2025-12-11T16:36:05","modified_gmt":"2025-12-11T15:36:05","slug":"short-ou-culotte-de-peau-marine","status":"publish","type":"product","link":"https:\/\/bobtoolbox.fr\/it\/product\/short-ou-culotte-de-peau-marine\/","title":{"rendered":"SHORT OU CULOTTE DE PEAU ENFANT"},"content":{"rendered":"","protected":false},"excerpt":{"rendered":"<p>Voil\u00e0 notre culotte de peau couleur bleu marine, marron ou encore gris beige, la plus passe-partout possible !<\/p>\n<p>Sa taille \u00e9tant l\u00e9g\u00e8rement marqu\u00e9e, elle peut se mettre tel un simple short, sans ses bretelles. Et \u00e7a, on aime aussi<\/p>","protected":false},"featured_media":9265410,"comment_status":"open","ping_status":"closed","template":"","meta":{"_acf_changed":false,"_seopress_robots_primary_cat":"none","_seopress_titles_title":"","_seopress_titles_desc":"","_seopress_robots_index":"","_gspb_post_css":"","_glsr_average":0,"_glsr_ranking":0,"_glsr_reviews":0},"product_brand":[],"product_cat":[264],"product_tag":[],"class_list":{"0":"post-9265409","1":"product","2":"type-product","3":"status-publish","4":"has-post-thumbnail","6":"product_cat-culotte-de-peau-enfant-ado-unisexe","7":"pa_les-couleurs-gris","8":"pa_les-couleurs-marine","9":"pa_les-couleurs-marron","10":"pa_votre-taille-fr-42","11":"pa_votre-taille-fr-43","12":"pa_votre-taille-fr-34","13":"pa_votre-taille-fr-35","14":"pa_votre-taille-fr-36","15":"pa_votre-taille-fr-37","16":"pa_votre-taille-fr-38","17":"pa_votre-taille-fr-39","19":"first","20":"instock","21":"taxable","22":"shipping-taxable","23":"purchasable","24":"product-type-variable"},"acf":[],"_links":{"self":[{"href":"https:\/\/bobtoolbox.fr\/it\/wp-json\/wp\/v2\/product\/9265409","targetHints":{"allow":["GET"]}}],"collection":[{"href":"https:\/\/bobtoolbox.fr\/it\/wp-json\/wp\/v2\/product"}],"about":[{"href":"https:\/\/bobtoolbox.fr\/it\/wp-json\/wp\/v2\/types\/product"}],"replies":[{"embeddable":true,"href":"https:\/\/bobtoolbox.fr\/it\/wp-json\/wp\/v2\/comments?post=9265409"}],"wp:featuredmedia":[{"embeddable":true,"href":"https:\/\/bobtoolbox.fr\/it\/wp-json\/wp\/v2\/media\/9265410"}],"wp:attachment":[{"href":"https:\/\/bobtoolbox.fr\/it\/wp-json\/wp\/v2\/media?parent=9265409"}],"wp:term":[{"taxonomy":"product_brand","embeddable":true,"href":"https:\/\/bobtoolbox.fr\/it\/wp-json\/wp\/v2\/product_brand?post=9265409"},{"taxonomy":"product_cat","embeddable":true,"href":"https:\/\/bobtoolbox.fr\/it\/wp-json\/wp\/v2\/product_cat?post=9265409"},{"taxonomy":"product_tag","embeddable":true,"href":"https:\/\/bobtoolbox.fr\/it\/wp-json\/wp\/v2\/product_tag?post=9265409"}],"curies":[{"name":"wp","href":"https:\/\/api.w.org\/{rel}","templated":true}]}}