{"id":9265706,"date":"2021-05-18T10:37:12","date_gmt":"2021-05-18T08:37:12","guid":{"rendered":"https:\/\/bobtoolbox.fr\/produit\/foulard-autrichien-soie-peps\/"},"modified":"2025-11-26T14:22:27","modified_gmt":"2025-11-26T13:22:27","slug":"foulard-autrichien-soie-peps","status":"publish","type":"product","link":"https:\/\/bobtoolbox.fr\/it\/product\/foulard-autrichien-soie-peps\/","title":{"rendered":"FOULARD AUTRICHIEN SOIE PEPS"},"content":{"rendered":"<p>Un beau foulard de soie autrichien aux couleurs acidul\u00e9es et vitamin\u00e9es, fabriqu\u00e9 avec amour en Italie. Une palette de jolies couleurs qui ne peut que nous mettre en joie !<\/p>","protected":false},"excerpt":{"rendered":"<p>Un beau foulard de soie autrichien aux couleurs acidul\u00e9es et vitamin\u00e9es, fabriqu\u00e9 avec amour en Italie. Une palette de jolies couleurs qui ne peut que nous mettre en joie !<\/p>","protected":false},"featured_media":1300,"comment_status":"open","ping_status":"closed","template":"","meta":{"_acf_changed":false,"_seopress_robots_primary_cat":"none","_seopress_titles_title":"","_seopress_titles_desc":"","_seopress_robots_index":"","_gspb_post_css":"","_glsr_average":0,"_glsr_ranking":0,"_glsr_reviews":0},"product_brand":[],"product_cat":[270,249],"product_tag":[],"class_list":{"0":"post-9265706","1":"product","2":"type-product","3":"status-publish","4":"has-post-thumbnail","6":"product_cat-lecharpe-le-foulard","7":"product_cat-promo","8":"pa_les-couleurs-bleu","9":"pa_les-couleurs-rose","11":"first","12":"instock","13":"taxable","14":"shipping-taxable","15":"purchasable","16":"product-type-variable"},"acf":[],"_links":{"self":[{"href":"https:\/\/bobtoolbox.fr\/it\/wp-json\/wp\/v2\/product\/9265706","targetHints":{"allow":["GET"]}}],"collection":[{"href":"https:\/\/bobtoolbox.fr\/it\/wp-json\/wp\/v2\/product"}],"about":[{"href":"https:\/\/bobtoolbox.fr\/it\/wp-json\/wp\/v2\/types\/product"}],"replies":[{"embeddable":true,"href":"https:\/\/bobtoolbox.fr\/it\/wp-json\/wp\/v2\/comments?post=9265706"}],"wp:featuredmedia":[{"embeddable":true,"href":"https:\/\/bobtoolbox.fr\/it\/wp-json\/wp\/v2\/media\/1300"}],"wp:attachment":[{"href":"https:\/\/bobtoolbox.fr\/it\/wp-json\/wp\/v2\/media?parent=9265706"}],"wp:term":[{"taxonomy":"product_brand","embeddable":true,"href":"https:\/\/bobtoolbox.fr\/it\/wp-json\/wp\/v2\/product_brand?post=9265706"},{"taxonomy":"product_cat","embeddable":true,"href":"https:\/\/bobtoolbox.fr\/it\/wp-json\/wp\/v2\/product_cat?post=9265706"},{"taxonomy":"product_tag","embeddable":true,"href":"https:\/\/bobtoolbox.fr\/it\/wp-json\/wp\/v2\/product_tag?post=9265706"}],"curies":[{"name":"wp","href":"https:\/\/api.w.org\/{rel}","templated":true}]}}