{"id":9265842,"date":"2022-10-05T16:05:52","date_gmt":"2022-10-05T14:05:52","guid":{"rendered":"https:\/\/bobtoolbox.fr\/produit\/veste-laine-bouillie-confort-stapf\/"},"modified":"2025-12-11T15:18:41","modified_gmt":"2025-12-11T14:18:41","slug":"veste-laine-bouillie-confort-stapf","status":"publish","type":"product","link":"https:\/\/bobtoolbox.fr\/it\/product\/veste-laine-bouillie-confort-stapf\/","title":{"rendered":"VESTE LAINE BOUILLIE CONFORT &#8211; STAPF"},"content":{"rendered":"<p>D\u00e9couvrez un confort incomparable et un style intemporel avec notre <b>veste en laine bouillie autrichienne<\/b>. Confectionn\u00e9e selon une <b>m\u00e9thode traditionnelle autrichienne<\/b>, cette pi\u00e8ce est l&rsquo;alliance parfaite de l&rsquo;\u00e9l\u00e9gance et de la fonctionnalit\u00e9.<\/p>","protected":false},"excerpt":{"rendered":"<p>D\u00e9couvrez un confort incomparable et un style intemporel avec notre <b>veste en laine bouillie autrichienne<\/b>. Confectionn\u00e9e selon une <b>m\u00e9thode traditionnelle autrichienne<\/b>, cette pi\u00e8ce est l&rsquo;alliance parfaite de l&rsquo;\u00e9l\u00e9gance et de la fonctionnalit\u00e9.<\/p>","protected":false},"featured_media":1417,"comment_status":"open","ping_status":"closed","template":"","meta":{"_acf_changed":false,"_seopress_robots_primary_cat":"none","_seopress_titles_title":"","_seopress_titles_desc":"","_seopress_robots_index":"","_gspb_post_css":"","_glsr_average":0,"_glsr_ranking":0,"_glsr_reviews":0},"product_brand":[],"product_cat":[252],"product_tag":[],"class_list":{"0":"post-9265842","1":"product","2":"type-product","3":"status-publish","4":"has-post-thumbnail","6":"product_cat-la-veste-homme","7":"pa_les-couleurs-gris","8":"pa_les-couleurs-vert-gris","9":"pa_votre-taille-fr-46","10":"pa_votre-taille-fr-47","11":"pa_votre-taille-fr-l","12":"pa_votre-taille-fr-m","13":"pa_votre-taille-fr-s","14":"pa_votre-taille-fr-xl","15":"pa_votre-taille-fr-xxl","16":"pa_votre-taille-fr-xxxl","18":"first","19":"instock","20":"taxable","21":"shipping-taxable","22":"purchasable","23":"product-type-variable"},"acf":[],"_links":{"self":[{"href":"https:\/\/bobtoolbox.fr\/it\/wp-json\/wp\/v2\/product\/9265842","targetHints":{"allow":["GET"]}}],"collection":[{"href":"https:\/\/bobtoolbox.fr\/it\/wp-json\/wp\/v2\/product"}],"about":[{"href":"https:\/\/bobtoolbox.fr\/it\/wp-json\/wp\/v2\/types\/product"}],"replies":[{"embeddable":true,"href":"https:\/\/bobtoolbox.fr\/it\/wp-json\/wp\/v2\/comments?post=9265842"}],"wp:featuredmedia":[{"embeddable":true,"href":"https:\/\/bobtoolbox.fr\/it\/wp-json\/wp\/v2\/media\/1417"}],"wp:attachment":[{"href":"https:\/\/bobtoolbox.fr\/it\/wp-json\/wp\/v2\/media?parent=9265842"}],"wp:term":[{"taxonomy":"product_brand","embeddable":true,"href":"https:\/\/bobtoolbox.fr\/it\/wp-json\/wp\/v2\/product_brand?post=9265842"},{"taxonomy":"product_cat","embeddable":true,"href":"https:\/\/bobtoolbox.fr\/it\/wp-json\/wp\/v2\/product_cat?post=9265842"},{"taxonomy":"product_tag","embeddable":true,"href":"https:\/\/bobtoolbox.fr\/it\/wp-json\/wp\/v2\/product_tag?post=9265842"}],"curies":[{"name":"wp","href":"https:\/\/api.w.org\/{rel}","templated":true}]}}