{"id":9265856,"date":"2023-08-27T08:00:59","date_gmt":"2023-08-27T06:00:59","guid":{"rendered":"https:\/\/bobtoolbox.fr\/produit\/gilet-sans-manche-horn-lodenfrey\/"},"modified":"2025-11-19T16:04:07","modified_gmt":"2025-11-19T15:04:07","slug":"gilet-sans-manche-horn-lodenfrey","status":"publish","type":"product","link":"https:\/\/bobtoolbox.fr\/it\/product\/gilet-sans-manche-horn-lodenfrey\/","title":{"rendered":"GILET SANS MANCHES HORN (COL VELOURS)- LODENFREY &#8211; Taille 46, 48, 50, 56"},"content":{"rendered":"<p><strong>Gilet Horn Lodenfrey : L&rsquo;\u00c9l\u00e9gance Reconnue Autrichienne, Pi\u00e8ce Ma\u00eetresse<\/strong><\/p>\n<p>D\u00e9couvrez l&rsquo;excellence avec notre superbe gilet sans manches Horn au col de velours, une cr\u00e9ation embl\u00e9matique de la Maison <strong>Lodenfrey<\/strong>. Ce gilet incarne \u00e0 merveille le savoir-faire autrichien, offrant un m\u00e9lange parfait de d\u00e9tails raffin\u00e9s, de finitions impeccables et d&rsquo;une tenue irr\u00e9prochable. C&rsquo;est une pi\u00e8ce si styl\u00e9e qu&rsquo;elle peut se porter seule, tout en s&rsquo;accordant id\u00e9alement avec la veste Horn pour une \u00e9l\u00e9gance coordonn\u00e9e.<\/p>","protected":false},"excerpt":{"rendered":"<p><strong>Gilet Horn Lodenfrey : L&rsquo;\u00c9l\u00e9gance Reconnue Autrichienne, Pi\u00e8ce Ma\u00eetresse<\/strong><\/p>\n<p>D\u00e9couvrez l&rsquo;excellence avec notre superbe gilet sans manches Horn au col de velours, une cr\u00e9ation embl\u00e9matique de la Maison <strong>Lodenfrey<\/strong>. Ce gilet incarne \u00e0 merveille le savoir-faire autrichien, offrant un m\u00e9lange parfait de d\u00e9tails raffin\u00e9s, de finitions impeccables et d&rsquo;une tenue irr\u00e9prochable. C&rsquo;est une pi\u00e8ce si styl\u00e9e qu&rsquo;elle peut se porter seule, tout en s&rsquo;accordant id\u00e9alement avec la veste Horn pour une \u00e9l\u00e9gance coordonn\u00e9e.<\/p>","protected":false},"featured_media":9265857,"comment_status":"open","ping_status":"open","template":"","meta":{"_acf_changed":false,"_seopress_robots_primary_cat":"","_seopress_titles_title":"","_seopress_titles_desc":"","_seopress_robots_index":"","_gspb_post_css":"","_glsr_average":0,"_glsr_ranking":0,"_glsr_reviews":0},"product_brand":[],"product_cat":[253],"product_tag":[],"class_list":{"0":"post-9265856","1":"product","2":"type-product","3":"status-publish","4":"has-post-thumbnail","6":"product_cat-le-gilet-sans-manches","7":"pa_les-couleurs-beige","8":"pa_marque-lodenfrey","9":"pa_votre-taille-fr-29","10":"pa_votre-taille-fr-24","11":"pa_votre-taille-fr-25","12":"pa_votre-taille-fr-26","13":"pa_votre-taille-fr-27","14":"pa_votre-taille-fr-28","16":"first","17":"instock","18":"taxable","19":"shipping-taxable","20":"purchasable","21":"product-type-variable"},"acf":[],"_links":{"self":[{"href":"https:\/\/bobtoolbox.fr\/it\/wp-json\/wp\/v2\/product\/9265856","targetHints":{"allow":["GET"]}}],"collection":[{"href":"https:\/\/bobtoolbox.fr\/it\/wp-json\/wp\/v2\/product"}],"about":[{"href":"https:\/\/bobtoolbox.fr\/it\/wp-json\/wp\/v2\/types\/product"}],"replies":[{"embeddable":true,"href":"https:\/\/bobtoolbox.fr\/it\/wp-json\/wp\/v2\/comments?post=9265856"}],"wp:featuredmedia":[{"embeddable":true,"href":"https:\/\/bobtoolbox.fr\/it\/wp-json\/wp\/v2\/media\/9265857"}],"wp:attachment":[{"href":"https:\/\/bobtoolbox.fr\/it\/wp-json\/wp\/v2\/media?parent=9265856"}],"wp:term":[{"taxonomy":"product_brand","embeddable":true,"href":"https:\/\/bobtoolbox.fr\/it\/wp-json\/wp\/v2\/product_brand?post=9265856"},{"taxonomy":"product_cat","embeddable":true,"href":"https:\/\/bobtoolbox.fr\/it\/wp-json\/wp\/v2\/product_cat?post=9265856"},{"taxonomy":"product_tag","embeddable":true,"href":"https:\/\/bobtoolbox.fr\/it\/wp-json\/wp\/v2\/product_tag?post=9265856"}],"curies":[{"name":"wp","href":"https:\/\/api.w.org\/{rel}","templated":true}]}}