{"id":9266408,"date":"2024-09-02T15:24:18","date_gmt":"2024-09-02T13:24:18","guid":{"rendered":"https:\/\/bobtoolbox.fr\/produit\/cape-a-capuche-femme-steinbock\/"},"modified":"2025-12-11T15:40:21","modified_gmt":"2025-12-11T14:40:21","slug":"cape-a-capuche-femme-steinbock","status":"publish","type":"product","link":"https:\/\/bobtoolbox.fr\/it\/product\/cape-a-capuche-femme-steinbock\/","title":{"rendered":"CAPE A CAPUCHE FEMME &#8211; STEINBOCK"},"content":{"rendered":"","protected":false},"excerpt":{"rendered":"<p><strong>La Cape Courte en Laine : Douceur et \u00c9l\u00e9gance<\/strong><\/p>\n<p style=\"text-align: left;\">D\u00e9couvrez cette magnifique cape courte, une pi\u00e8ce \u00e9l\u00e9gante et originale confectionn\u00e9e dans un sublime drap de laine vierge extra douce. Sa <strong>luxueuse conception \u00ab\u00a0double face\u00a0\u00bb <\/strong>(non r\u00e9versible) r\u00e9v\u00e8le un int\u00e9rieur d&rsquo;un tendre coloris cr\u00e8me et un ext\u00e9rieur d&rsquo;un doux vert, offrant un style raffin\u00e9 et polyvalent.<\/p>\n<p style=\"text-align: left;\">Avec sa longueur id\u00e9ale et ses finitions impeccables, cette cape est la touche parfaite pour une allure chic et moderne.<\/p>","protected":false},"featured_media":9266409,"comment_status":"open","ping_status":"closed","template":"","meta":{"_acf_changed":false,"_seopress_robots_primary_cat":"none","_seopress_titles_title":"","_seopress_titles_desc":"","_seopress_robots_index":"","_gspb_post_css":"","_glsr_average":0,"_glsr_ranking":0,"_glsr_reviews":0},"product_brand":[],"product_cat":[276,256],"product_tag":[],"class_list":{"0":"post-9266408","1":"product","2":"type-product","3":"status-publish","4":"has-post-thumbnail","6":"product_cat-femme","7":"product_cat-outdoor-femme","8":"pa_votre-taille-fr-46","9":"pa_votre-taille-fr-47","10":"pa_votre-taille-fr-l","11":"pa_votre-taille-fr-m","13":"first","14":"instock","15":"taxable","16":"shipping-taxable","17":"purchasable","18":"product-type-variable"},"acf":[],"_links":{"self":[{"href":"https:\/\/bobtoolbox.fr\/it\/wp-json\/wp\/v2\/product\/9266408","targetHints":{"allow":["GET"]}}],"collection":[{"href":"https:\/\/bobtoolbox.fr\/it\/wp-json\/wp\/v2\/product"}],"about":[{"href":"https:\/\/bobtoolbox.fr\/it\/wp-json\/wp\/v2\/types\/product"}],"replies":[{"embeddable":true,"href":"https:\/\/bobtoolbox.fr\/it\/wp-json\/wp\/v2\/comments?post=9266408"}],"wp:featuredmedia":[{"embeddable":true,"href":"https:\/\/bobtoolbox.fr\/it\/wp-json\/wp\/v2\/media\/9266409"}],"wp:attachment":[{"href":"https:\/\/bobtoolbox.fr\/it\/wp-json\/wp\/v2\/media?parent=9266408"}],"wp:term":[{"taxonomy":"product_brand","embeddable":true,"href":"https:\/\/bobtoolbox.fr\/it\/wp-json\/wp\/v2\/product_brand?post=9266408"},{"taxonomy":"product_cat","embeddable":true,"href":"https:\/\/bobtoolbox.fr\/it\/wp-json\/wp\/v2\/product_cat?post=9266408"},{"taxonomy":"product_tag","embeddable":true,"href":"https:\/\/bobtoolbox.fr\/it\/wp-json\/wp\/v2\/product_tag?post=9266408"}],"curies":[{"name":"wp","href":"https:\/\/api.w.org\/{rel}","templated":true}]}}